{"id":98,"date":"2023-01-11T17:25:11","date_gmt":"2023-01-11T20:25:11","guid":{"rendered":"https:\/\/monoambiente.com.ar\/amanciowilliams\/?page_id=98"},"modified":"2023-01-11T17:25:11","modified_gmt":"2023-01-11T20:25:11","slug":"publicaciones","status":"publish","type":"page","link":"https:\/\/monoambiente.com.ar\/amanciowilliams\/publicaciones\/","title":{"rendered":"Publicaciones"},"content":{"rendered":"<p>ESCRITOS DE AMANCIO WILLIAMS PUBLICADOS<\/p>\n<p>&nbsp;<\/p>\n<p>1949<\/p>\n<hr \/>\n<p>Arquitectura y Urbanismo de nuestro tiempo. Introducci\u00f3n al cat\u00e1logo de la exposici\u00f3n realizada en la Galer\u00eda Kraft.<\/p>\n<p>&nbsp;<\/p>\n<p>1956<\/p>\n<hr \/>\n<p><a href=\"https:\/\/www.amanciowilliams.com\/plastica-y-calidad-en-brancusi\" rel=\"alternate\">Pl\u00e1stica y calidad en Brancusi<\/a>. Mundo Argentino, p. 30-31. Buenos Aires, abril.<\/p>\n<p>&nbsp;<\/p>\n<p>1958<\/p>\n<hr \/>\n<p>Fridl Loos. Introducci\u00f3n al cat\u00e1logo de la muestra realizada en el Museo de Arte Moderno de R\u00edo de Janeiro. R\u00edo de Janeiro.<\/p>\n<p>&nbsp;<\/p>\n<p>1959<\/p>\n<hr \/>\n<p>Brasilia. M\u00f3dulo, Brasil (16).<\/p>\n<p>&nbsp;<\/p>\n<p>1960<\/p>\n<hr \/>\n<p>\u00bfBrasilia? Par\u00eds en Am\u00e9rica (55): 48-49. Buenos Aires.<\/p>\n<p>&nbsp;<\/p>\n<p>1961<\/p>\n<hr \/>\n<p>Significado de los planes reguladores. Lide, Peri\u00f3dico para la Regi\u00f3n del Delta, Tigre.<\/p>\n<p><a href=\"https:\/\/www.amanciowilliams.com\/roberto-burle-marx\" rel=\"alternate\">Roberto Burle Marx<\/a>. Introducci\u00f3n al cat\u00e1logo de la muestra realizada en el Museo Nacional de Bellas Artes. Buenos Aires.<\/p>\n<p>&nbsp;<\/p>\n<p>1963<\/p>\n<hr \/>\n<p>Estudio CH. Introducci\u00f3n al cat\u00e1logo de su inauguraci\u00f3n. Buenos Aires.<\/p>\n<p>Rodolfo Alcorta. Introducci\u00f3n al cat\u00e1logo de la muestra retrospectiva realizada en el Museo de Arte Moderno de Buenos Aires. Buenos Aires.<\/p>\n<p>&nbsp;<\/p>\n<p>1964<\/p>\n<hr \/>\n<p>Mar\u00eda Sim\u00f3n. Introducci\u00f3n al cat\u00e1logo de su muestra de escultura<\/p>\n<p>&nbsp;<\/p>\n<p>1966<\/p>\n<hr \/>\n<p>A prop\u00f3sito de Le Corbusier. Revista de la Uni\u00f3n Industrial (28): 137-141. Buenos Aires, enero-marzo.<\/p>\n<p>&nbsp;<\/p>\n<p>1972<\/p>\n<hr \/>\n<p><a href=\"https:\/\/www.amanciowilliams.com\/la-arquitectura-de-alberto-prebisch\" rel=\"alternate\">La arquitectura de Alberto Prebisch<\/a>. Alberto Prebisch, Academia Nacional de Bellas Artes, p. 47-48. Buenos Aires.<\/p>\n<p>&nbsp;<\/p>\n<p>1976<\/p>\n<hr \/>\n<p>La Ciudad que necesita la Humanidad. Anuario Academia Nacional de Bellas Artes (4): 11-18. Buenos Aires.<\/p>\n<p>&nbsp;<\/p>\n<p>1978<\/p>\n<hr \/>\n<p>La Ciudad que necesita la Humanidad. Arquitectura, Revista de La Sociedad de Arquitectos del Uruguay (245), p. 20-33, Montevideo.<\/p>\n<p>&nbsp;<\/p>\n<p>1979<\/p>\n<hr \/>\n<p>Por un cambio necesario. Clar\u00edn, Buenos Aires, 18 de mayo, p.5. (Secci\u00f3n Arquitectura)<\/p>\n<p>&nbsp;<\/p>\n<p>1983<\/p>\n<hr \/>\n<p><a href=\"https:\/\/www.amanciowilliams.com\/un-descubrimiento-arqueologico-en-la-quebrada-del-toro\" rel=\"alternate\">Un descubrimiento arqueol\u00f3gico en la Quebrada del Toro<\/a>, La Naci\u00f3n, Buenos Aires, domingo 23 de enero. Pp 1-2. (En secci\u00f3n 4: Letras-Artes-Bibliograf\u00eda-Filosof\u00eda-Historia-Ciencia).<\/p>\n<p>&nbsp;<\/p>\n<p>1985<\/p>\n<hr \/>\n<p>Ciudades y Jardines Ant\u00e1rticos. La Naci\u00f3n, Buenos Aires, 24 de febrero, p.1. (En secci\u00f3n Letras, Artes, Ciencias).<\/p>\n<p>&nbsp;<\/p>\n<p>1986<\/p>\n<hr \/>\n<p><a href=\"https:\/\/www.amanciowilliams.com\/una-arquitectura-nueva\" rel=\"alternate\">Una arquitectura nueva<\/a>. La Naci\u00f3n, Buenos Aires, 26 de diciembre, p.1. (En secci\u00f3n Letras, Artes, Ciencias).<\/p>\n<p>&nbsp;<\/p>\n<p>SF<\/p>\n<hr \/>\n<p>Co-autora G\u00e1lvez de Williams, Delfina. La evoluci\u00f3n edilicia del ambiente y del \u201cmodus vivendi\u201d del siglo XVII hasta nuestros d\u00edas (1810-1928). Historia Argentina (29). Buenos Aires.<\/p>\n<p>Co-autora G\u00e1lvez de Williams, Delfina. SF Ciudades para hoy y ma\u00f1ana. Revista Gente: Enciclopedia del hombre de la calle, pp. 100-101. Buenos Aires.<\/p>\n<p>&nbsp;<\/p>\n<p>OTRAS PUBLICACIONES<\/p>\n<p>1936<\/p>\n<hr \/>\n<p>Nuestra Arquitectura. Bs. As., n\u00ba2, p. 62, 67 Chalet en Mar del Plata 1942 Revista de Arquitectura. Bs. As., n\u00ba254, p. 82-96 Concurso de Ac\u00fastica. Una Sala de Conciertos 1943 O.V.R.A. Bs. As., n\u00ba1 (n\u00famero completo) Estudio de los problemas contempor\u00e1neos para la organizaci\u00f3n de la Vivienda Integral en la Rep\u00fablica Argentina.<\/p>\n<p>1947<\/p>\n<hr \/>\n<p>The Architectural Forum. New York, vol. 86, n\u00ba2, p. 109, Argentina. Projects Show, art. de Woodward, Cloethiel<br \/>\nLa Arquitectura de Hoy. Bs. As., n\u00ba1, p.77 La Arquitectura de Hoy. Bs. As., n\u00ba2, p. 73-89<br \/>\nArquitectura en Am\u00e9rica Latina. Casa en Mar del Plata La Arquitectura de Hoy. Bs. As., n\u00ba4, p. 60-79<br \/>\nAeropuerto de Buenos Aires La Arquitectura de Hoy. Bs. As., n\u00ba5, p. 94 La Arquitectura de Hoy. Bs. As., n\u00ba6, p. 56 Asientos Desarmables<br \/>\nLa Arquitectura de Hoy. Bs. As., n\u00ba8, p. 28 Argentina, art. de Bloc, Andr\u00e9 L\u2019Architecture d\u2019aujourd\u2019hui.<br \/>\nPar\u00eds, n\u00ba10, p. sin n\u00ba Am\u00e9rique Latine, art. de Bloc, Andr\u00e9 L\u2019Architecture d\u2019aujourd\u2019hui.<br \/>\nPar\u00eds, n\u00ba18-19, p. 52-61 Resid\u00e8nce \u00e0 Mar del Plata Nuestra Arquitectura. Bs. As., n\u00ba8 (n\u00famero completo) Casa en Mar del Plata L\u2019Homme et l\u2019architecture.<br \/>\nPar\u00eds, n\u00ba15-16, p. 23-24, 33, 40, 53, 56 Une salle de concerts pour 3500 auditeurs.<br \/>\nMaison d\u2019Habitation collective. Maison \u00e0 Mar del Plata. Un aeroport \u00e0 Buenos Aires, art. de Le Corbusier Techniques et architecture. Par\u00eds, n\u00ba5-6, p. 78 Techniques de toitures-terraises Techniques et architecture.<br \/>\nPar\u00eds, vol. 7, n\u00ba9-12, p. 506, 507 Projet d\u2019aeroport \u00e0 Buenos Aires Realit\u00e9s.<br \/>\nPar\u00eds, vol. 19, p. 41-48 El Constructor. Bs. As., Dic., p. 10 1948 Techniques et architecture.<br \/>\nPar\u00eds, n\u00ba1-2, p. 15 Projet pour une salle de concerts Techniques et architecture.<br \/>\nPar\u00eds, n\u00ba7-8, p. 64-65 Argentine-Inmeuble pour bureaux, comentario de Bodiansky, R. Revista de Arquitectura. Bs. AS., n\u00ba329, p. 160-165, p. 138-159<br \/>\nEdificio de Oficinas La Arquitectura de Hoy. Bs. As., n\u00ba12, p. 11-18 Viviendas en el espacio La Arquitectura de Hoy. Bs. As., n\u00ba14, p. 49<br \/>\nVivienda en los alrededores de Buenos Aires Cabalgata. Bs. As., n\u00ba17, p. 11, art. de Bloc, Andr\u00e9 The Journal of the Royal Institute of British Architects Londres, vol. 56, 3\u00aa serie, n\u00ba2, p. 42-48, 73-74 1947<br \/>\nIntroduzione alla Architettura Moderna. Sartoris, Alberto. Ed. Hoepli, Mil\u00e1n, p. 150-151<br \/>\nL\u2019Architecture d\u2019aujourd\u2019hui, Par\u00eds, n\u00ba23, p. XIX Un nouveau si\u00e8ge \u201cStyle AA\u201d Arquitectura y Construcci\u00f3n. Chile, n\u00ba16, p.8<br \/>\nExposici\u00f3n en Buenos Aires The Architectural Review. Londres, vol. 105, n\u00ba629, p. 251 Art. de Wesley, Henry Pro Arte. Chile, a\u00f1o 1, p. 6 Sala de Conciertos, art. de Chermayeff, Serge<\/p>\n<p>1950<\/p>\n<hr \/>\n<p>Contemporary Structure in Architecture. Michaels, Leonard. Ed. Reinhold, New York, p. 125-131 Building. N\u00ba abril, p. 124-125<br \/>\nHouse at Mar del Plata Canon. Univ. de Bs. As., n\u00ba1, p. 30-31 1951 A Decade of New Architecture. Giedion, Siegfried. Ed. Girsberger, Zurich, p. 97<br \/>\nLa Maison Fran\u00e7oise. Par\u00eds, n\u00ba50, p. 18 1952<br \/>\nRoyal Architecture Institute of Canada Journal. Toronto, vol. 29, n\u00ba2, p. 29-31<br \/>\nSouth American Architects, art. de Imrie, Mary L. y Waldbridge, Jean Arquitetura Na Bienal de S\u00e3o Paulo. S\u00e3o Paulo, ed. Ediam, cat\u00e1logo, cuatro p\u00e1ginas finales<\/p>\n<p>1953<\/p>\n<hr \/>\n<p>Worlds Contemporary Architecture \u2013Latin America. Yuichi Ino, Shinji Koike. Vol. II, ed. Shokokusa, Tokio, Jap\u00f3n, p. 60, 72-73<br \/>\nThe Architectural Review. Londres, n\u00ba681, p. 142 Finca. Bs. As., n\u00ba160, p. 14, art. de Grinberg, H 1954 Nueva Visi\u00f3n. Bs. As., n\u00ba5, p. 32-35<br \/>\nUna nueva unidad estructural Encyclop\u00e8die de l\u2019Architecture Nouvelle-Ordre et Climat am\u00e8ricains. Sartoris, Alberto. Ed. Hoepli, Milan, p. 380-387<br \/>\nL\u2019Art Visuel en Argentine. Exhibition in Bruselas, Catalogue, p. 204-205 Bauwelt. Berl\u00edn, n\u00ba33, p. 643-647, art. de Gelhern, Alfred Le Quotidien. Bs. As., n\u00ba septiembre<br \/>\nUne salle de Concerts, art. de Derbecq, Germaine The Architectural Review. Londres, n\u00ba638, p. 224 1955<br \/>\nCuadernos del Instituto de Arte Americano. Ed. Universidad de Buenos Aires, n\u00ba2 (n\u00famero completo)<br \/>\nCinco proyectos del arquitecto Amancio Williams Nueva Visi\u00f3n. Bs. As., n\u00ba5, p. 32-35 Nueva Visi\u00f3n. Bs. As., n\u00ba6, p. 13<br \/>\nNueva Visi\u00f3n. Bs. As., n\u00ba7, p. 38 Aspectos del dise\u00f1o argentino: sillas y sillones, art. de Baliero Horacio Latinamerican architecture since 1945.<br \/>\nRussell Hitchcock, Henry. Ed. The Museum of Modern Art, New Yord, p. 164-165 Amancio Williams. Gonz\u00e1lez Capdevila, Ra\u00fal. Ed. Universidad de Buenos Aires, Instituto de Arte Americano<\/p>\n<p>1956<\/p>\n<hr \/>\n<p>Aujourd\u2019hui. Par\u00eds, n\u00ba6, p. 56 Projet pour une salle de concert Informes de la Construcci\u00f3n-Patronato Juan de la Cierva. Investigaci\u00f3n del Consejo Superior de Investigaciones T\u00e9cnicas, Madrid, n\u00ba81, p. 6 y sigs. Amancio Williams, vivienda en Munro Integral. Caracas, n\u00ba junio 1957 Nueva Visi\u00f3n. Bs. As., n\u00ba9, p. 11-19 La po\u00e9tica t\u00e9cnica de Amancio Williams. Tres Hospitales en la Provincia de Corrientes, art. de Goldemberg, Jorge Kokusai Kentiku. Tokio, n\u00ba10, vol. 24, p. 8, 51-59 Amancio Williams and modern architecture in Argentine, art. de Hayahiko Takase Tiempo de Am\u00e9rica. Bs. As, n\u00ba3, p. 5-16 Nota sobre la Carta de Atenas y reportaje a Amancio Williams, reportaje de Romero, Dalila Continente. A\u00f1o 1, n\u00ba11, Bs. As., p. 19-23 La Casa del Futuro 1957 Duperial. n\u00ba120, p. 6-10 Sala de conciertos y Teatro Espacial Modulor 2. Le Corbusier. Par\u00eds, Ascoral, p. 111 Lyra. Bs. As., n\u00ba171-173 Sala de Conciertos y Teatro Espacial, art. de Saal, Helvidia Bauen und Wohnen. Berl\u00edn, n\u00ba8, p. 232-233, 239<\/p>\n<p>1960<\/p>\n<hr \/>\n<p>Form-Raum. Berl\u00edn, ed. Universal, p. 18 Das Raumtheater von Amancio Williams Historias de Ma\u00f1ana. Fourastie, Jean y Vimont, Claude. Bs. As., Ed. Universidad de Buenos Aires, foto tapa y tres p\u00e1ginas sin n\u00ba Mirador. Bs. As., n\u00ba diciembre<\/p>\n<p>1961<\/p>\n<hr \/>\n<p>VI Bienal. Museo de Arte Moderno de S\u00e3o Paulo, cat\u00e1logo Argentina 1962 Confort. Bs. As., n\u00ba254, p. 29-32 1963 Arquitectura Argentina Contempor\u00e1nea. Bullrich, Francisco. Ed. Nueva Visi\u00f3n, Bs. As., p. 32 Art in Latin American-Architecture. Damasz, Paul. Reinhold Publishing Co., New York, p. 45-97-98 Atl\u00e1ntida. A\u00f1o 46, n\u00ba1158, p. 48-50 Nueva luz en las casas viejas 1964 Casabella. Milan, n\u00ba285, p. 22, 23, 40-41 L\u2019architettura moderna in Argentina, art. de Peani, Gian Ludovico y Segre, Roberto Arquitectura. Montevideo, n\u00ba noviembre<\/p>\n<p>1966<\/p>\n<hr \/>\n<p>Summa. Bs. As., n\u00ba5, p. 44-56 Proyecto para una f\u00e1brica, Iggam S.A. Zodiac. Milan, n\u00ba16, p. 5, 36-73 The Work of Amancio Williams, arts. de Bill, Max y Rigoli, Gianni Art of Latin American Since Independence. Cat\u00e1logo exposici\u00f3n, New york, p. 203 Decoralia. n\u00baagosto Pabell\u00f3n Bunge y Born Summa. Bs. As., n\u00ba6\/7, diciembre<\/p>\n<p>1967<\/p>\n<hr \/>\n<p>Jardin des Arts. Par\u00eds, n\u00ba149, p. 22 Buenos Aires, nouvelle capital artistique, art. de Ragon, Michel Summa. n\u00ba9, p. 42-44 La Vivienda en la Rep\u00fablica Argentina \u2013 Panorama de realizaciones, art. de Boggio Videla, Juan Manuel<\/p>\n<p>1968<\/p>\n<hr \/>\n<p>El \u00e1mbito esc\u00e9nico. Breyer, Gast\u00f3n Centro Editor de Am\u00e9rica Latina, Bs. As., p. 60 Architecture of Museums. Ct\u00e1logo, The Museum of Modern Art, New York<\/p>\n<p>1969<\/p>\n<hr \/>\n<p>Nuestra Arquitectura. Bs. As., n\u00ba458, p. 46-49 Concurso Edificio Uni\u00f3n Industrial A History of Latin American Art and Architecture. Castedo, Leopoldo F.A. Praeger Publishers, New York, p. 285-287 Arquitectura Latinoamericana 1930-1970. Bullrich, Francisco. Ed. G. Gili, Barcelona, p. 48-50 New Directions in Latin American Architecture. Bullrich, Francisco. George Brazillier Inc. New York, p 31-34, 54 Confort. Bs. As., n\u00bamarzo, p. 13 Decoralia. Bs. As., n\u00baenero-febrero, p. 9 Bolet\u00edn de Cer\u00e1mica de la Construcci\u00f3n. Julio-agosto, a\u00f1o II, n\u00ba8 y 9, p. 6 Contemporary Art in Latin American. Chase, Gilbert. The Free Press, New York, p. 257-260 Am\u00e9ricas. O.E.A., vol. 22, n\u00ba1, p. 18 1976 Crisis. Bs. As., n\u00ba39, p. 22-27 Amancio Williams: La fuerza de un pensamiento creador, reportaje de Adur, Claudio y Ocampo Estela<\/p>\n<p>1979<\/p>\n<hr \/>\n<p>Visionary Drawings of Architecture and Planning-20th. Century through the 1960s. Collins, George. The MIT Press, U.S., 4 p. sin n\u00ba<\/p>\n<p>1980<\/p>\n<hr \/>\n<p>Nuestra Arquitectura. Bs. As., n\u00ba51-52, p. 34-43 Cruz en el r\u00edo Contemporary Architects. The Macmillan Press Limited, ed. Muriel Emanuel, London-New York, New York Casabella. Mil\u00e1n, n\u00ba468, p. 10-12 art. de Frampton, Kenneth Arquitectura. Montevideo, n\u00ba249, p. 38-40 Cruz en el r\u00edo Inland Architect. Vol 24, n\u00ba4, p. 19-24 Visionary Architecture, art. de Malcolmson, Reginald<\/p>\n<p>1984<\/p>\n<hr \/>\n<p>Primera muestra del dise\u00f1o de asientos en la Argentina. Cat\u00e1logo de exposici\u00f3n, Secretar\u00eda de Cultura, Municipalidad de Buenos Aires 1985 Arquitectura de la Argentina y el Cono sur (1850-1950)- Arte Moderno en Am\u00e9rica Latina. Bay\u00f3n, Dami\u00e1n. Taurus Ediciones, p. 95, 118, 119 1987 Amancio Williams. Silvetti, Jorge. Harvard University, Graduate School of Design, Rizzoli International Publications, New York<\/p>\n<p>1988<\/p>\n<hr \/>\n<p>Aportes, Arquitectura, Tecnolog\u00eda y Servicios. At &amp; S, mayo-junio, p. 3-5 Amancio Williams, reportaje a Pando, Horacio 1989 The Fifth Column-The Canadian Studente Journal of Architecture. Vol 7, n\u00ba2, Canada Technology as generator of Form-The work of Amancio Williams, art. de Bunge, Eric R. 1989 Summa. Bs. As., n\u00ba271-272, marzo-abril, p. 13-15 Amancio Williams o el discurso moderno (1913-1989), art. de Fern\u00e1ndez, Roberto<\/p>\n","protected":false},"excerpt":{"rendered":"<p>ESCRITOS DE AMANCIO WILLIAMS PUBLICADOS &nbsp; 1949 Arquitectura y Urbanismo de nuestro tiempo. Introducci\u00f3n al cat\u00e1logo de la exposici\u00f3n realizada en la Galer\u00eda Kraft. &nbsp; 1956 Pl\u00e1stica y calidad en Brancusi. Mundo Argentino, p. 30-31. Buenos Aires, abril. &nbsp; 1958 Fridl Loos. Introducci\u00f3n al cat\u00e1logo de la muestra realizada en el Museo de Arte Moderno [&hellip;]<\/p>\n","protected":false},"author":1,"featured_media":0,"parent":0,"menu_order":0,"comment_status":"closed","ping_status":"closed","template":"","meta":{"footnotes":""},"class_list":["post-98","page","type-page","status-publish","hentry"],"acf":[],"yoast_head":"<!-- This site is optimized with the Yoast SEO plugin v26.9 - https:\/\/yoast.com\/product\/yoast-seo-wordpress\/ -->\n<title>Publicaciones - Amancio Williams<\/title>\n<meta name=\"robots\" content=\"index, follow, max-snippet:-1, max-image-preview:large, max-video-preview:-1\" \/>\n<link rel=\"canonical\" href=\"https:\/\/monoambiente.com.ar\/amanciowilliams\/publicaciones\/\" \/>\n<meta property=\"og:locale\" content=\"es_ES\" \/>\n<meta property=\"og:type\" content=\"article\" \/>\n<meta property=\"og:title\" content=\"Publicaciones - Amancio Williams\" \/>\n<meta property=\"og:description\" content=\"ESCRITOS DE AMANCIO WILLIAMS PUBLICADOS &nbsp; 1949 Arquitectura y Urbanismo de nuestro tiempo. Introducci\u00f3n al cat\u00e1logo de la exposici\u00f3n realizada en la Galer\u00eda Kraft. &nbsp; 1956 Pl\u00e1stica y calidad en Brancusi. Mundo Argentino, p. 30-31. Buenos Aires, abril. &nbsp; 1958 Fridl Loos. Introducci\u00f3n al cat\u00e1logo de la muestra realizada en el Museo de Arte Moderno [&hellip;]\" \/>\n<meta property=\"og:url\" content=\"https:\/\/monoambiente.com.ar\/amanciowilliams\/publicaciones\/\" \/>\n<meta property=\"og:site_name\" content=\"Amancio Williams\" \/>\n<meta name=\"twitter:card\" content=\"summary_large_image\" \/>\n<meta name=\"twitter:label1\" content=\"Tiempo de lectura\" \/>\n\t<meta name=\"twitter:data1\" content=\"9 minutos\" \/>\n<script type=\"application\/ld+json\" class=\"yoast-schema-graph\">{\"@context\":\"https:\/\/schema.org\",\"@graph\":[{\"@type\":\"WebPage\",\"@id\":\"https:\/\/monoambiente.com.ar\/amanciowilliams\/publicaciones\/\",\"url\":\"https:\/\/monoambiente.com.ar\/amanciowilliams\/publicaciones\/\",\"name\":\"Publicaciones - Amancio Williams\",\"isPartOf\":{\"@id\":\"https:\/\/monoambiente.com.ar\/amanciowilliams\/#website\"},\"datePublished\":\"2023-01-11T20:25:11+00:00\",\"inLanguage\":\"es\",\"potentialAction\":[{\"@type\":\"ReadAction\",\"target\":[\"https:\/\/monoambiente.com.ar\/amanciowilliams\/publicaciones\/\"]}]},{\"@type\":\"WebSite\",\"@id\":\"https:\/\/monoambiente.com.ar\/amanciowilliams\/#website\",\"url\":\"https:\/\/monoambiente.com.ar\/amanciowilliams\/\",\"name\":\"Amancio Williams\",\"description\":\"Digitalizaci\u00f3n y puesta en valor del Archivo Williams\",\"potentialAction\":[{\"@type\":\"SearchAction\",\"target\":{\"@type\":\"EntryPoint\",\"urlTemplate\":\"https:\/\/monoambiente.com.ar\/amanciowilliams\/?s={search_term_string}\"},\"query-input\":{\"@type\":\"PropertyValueSpecification\",\"valueRequired\":true,\"valueName\":\"search_term_string\"}}],\"inLanguage\":\"es\"}]}<\/script>\n<!-- \/ Yoast SEO plugin. -->","yoast_head_json":{"title":"Publicaciones - Amancio Williams","robots":{"index":"index","follow":"follow","max-snippet":"max-snippet:-1","max-image-preview":"max-image-preview:large","max-video-preview":"max-video-preview:-1"},"canonical":"https:\/\/monoambiente.com.ar\/amanciowilliams\/publicaciones\/","og_locale":"es_ES","og_type":"article","og_title":"Publicaciones - Amancio Williams","og_description":"ESCRITOS DE AMANCIO WILLIAMS PUBLICADOS &nbsp; 1949 Arquitectura y Urbanismo de nuestro tiempo. Introducci\u00f3n al cat\u00e1logo de la exposici\u00f3n realizada en la Galer\u00eda Kraft. &nbsp; 1956 Pl\u00e1stica y calidad en Brancusi. Mundo Argentino, p. 30-31. Buenos Aires, abril. &nbsp; 1958 Fridl Loos. Introducci\u00f3n al cat\u00e1logo de la muestra realizada en el Museo de Arte Moderno [&hellip;]","og_url":"https:\/\/monoambiente.com.ar\/amanciowilliams\/publicaciones\/","og_site_name":"Amancio Williams","twitter_card":"summary_large_image","twitter_misc":{"Tiempo de lectura":"9 minutos"},"schema":{"@context":"https:\/\/schema.org","@graph":[{"@type":"WebPage","@id":"https:\/\/monoambiente.com.ar\/amanciowilliams\/publicaciones\/","url":"https:\/\/monoambiente.com.ar\/amanciowilliams\/publicaciones\/","name":"Publicaciones - Amancio Williams","isPartOf":{"@id":"https:\/\/monoambiente.com.ar\/amanciowilliams\/#website"},"datePublished":"2023-01-11T20:25:11+00:00","inLanguage":"es","potentialAction":[{"@type":"ReadAction","target":["https:\/\/monoambiente.com.ar\/amanciowilliams\/publicaciones\/"]}]},{"@type":"WebSite","@id":"https:\/\/monoambiente.com.ar\/amanciowilliams\/#website","url":"https:\/\/monoambiente.com.ar\/amanciowilliams\/","name":"Amancio Williams","description":"Digitalizaci\u00f3n y puesta en valor del Archivo Williams","potentialAction":[{"@type":"SearchAction","target":{"@type":"EntryPoint","urlTemplate":"https:\/\/monoambiente.com.ar\/amanciowilliams\/?s={search_term_string}"},"query-input":{"@type":"PropertyValueSpecification","valueRequired":true,"valueName":"search_term_string"}}],"inLanguage":"es"}]}},"_links":{"self":[{"href":"https:\/\/monoambiente.com.ar\/amanciowilliams\/wp-json\/wp\/v2\/pages\/98","targetHints":{"allow":["GET"]}}],"collection":[{"href":"https:\/\/monoambiente.com.ar\/amanciowilliams\/wp-json\/wp\/v2\/pages"}],"about":[{"href":"https:\/\/monoambiente.com.ar\/amanciowilliams\/wp-json\/wp\/v2\/types\/page"}],"author":[{"embeddable":true,"href":"https:\/\/monoambiente.com.ar\/amanciowilliams\/wp-json\/wp\/v2\/users\/1"}],"replies":[{"embeddable":true,"href":"https:\/\/monoambiente.com.ar\/amanciowilliams\/wp-json\/wp\/v2\/comments?post=98"}],"version-history":[{"count":1,"href":"https:\/\/monoambiente.com.ar\/amanciowilliams\/wp-json\/wp\/v2\/pages\/98\/revisions"}],"predecessor-version":[{"id":99,"href":"https:\/\/monoambiente.com.ar\/amanciowilliams\/wp-json\/wp\/v2\/pages\/98\/revisions\/99"}],"wp:attachment":[{"href":"https:\/\/monoambiente.com.ar\/amanciowilliams\/wp-json\/wp\/v2\/media?parent=98"}],"curies":[{"name":"wp","href":"https:\/\/api.w.org\/{rel}","templated":true}]}}