{"id":92,"date":"2023-01-11T17:24:06","date_gmt":"2023-01-11T20:24:06","guid":{"rendered":"https:\/\/monoambiente.com.ar\/amanciowilliams\/?page_id=92"},"modified":"2023-01-11T17:24:06","modified_gmt":"2023-01-11T20:24:06","slug":"invitaciones","status":"publish","type":"page","link":"https:\/\/monoambiente.com.ar\/amanciowilliams\/invitaciones\/","title":{"rendered":"Invitaciones"},"content":{"rendered":"<p><strong>1951<\/strong><br \/>\n1a. Bienal de San Pablo para integrar el jurado internacional<\/p>\n<p><strong>1955-1956<\/strong><br \/>\nDepartamento de Estado de los EE.UU. y diversas universidades de ese pa\u00eds, para dictar conferencias y realizar exposiciones<\/p>\n<p><strong>1956<\/strong><br \/>\nUniversidad de Princeton, para integrar el jurado de trabajos finales de curso en arquitectura<\/p>\n<p>Gobierno del Brasil conjuntamente con el Instituto de Arquitectos y el Museo de Arte Moderno de R\u00edo, para realizar exposiciones y dictar conferencias<\/p>\n<p><strong>1958<\/strong><br \/>\nMuseo de Arte Moderno de R\u00edo, para presentar la exposici\u00f3n de Fridl Loos<\/p>\n<p><strong>1959<\/strong><br \/>\nUniversidad de Ulm, para realizar exposici\u00f3n y dictar conferencia<\/p>\n<p>Congreso C.I.A.M., para participar de la reuni\u00f3n en Holanda<\/p>\n<p>Gobierno del Brasil, para visitar Brasilia y participar del Congreso de Cr\u00edticos de Arte<\/p>\n<p>Museo de Arte Moderno de R\u00edo, para presentar la exposici\u00f3n de Andr\u00e9 Bloc al presidente Kubischek<\/p>\n<p>Congreso Internacional de Dise\u00f1o, para participar de la reuni\u00f3n en Jap\u00f3n<\/p>\n<p><strong>1962<\/strong><br \/>\nGobierno de la Rep\u00fablica Federal de Alemania, para realizar gira cultural<\/p>\n<p><strong>1968<\/strong><br \/>\nGobierno de la Provincia de La Pampa, para dictar conferencias<\/p>\n<p><strong>1969<\/strong><br \/>\n1a. Reuni\u00f3n Nacional de Cultura para la Patagonia, Subsecretar\u00eda de Cultura de La Naci\u00f3n<\/p>\n<p>Arquitectura y Urbanismo en Am\u00e9rica Latina, UNESCO, reuni\u00f3n en Buenos Aires del grupo de expertos<\/p>\n<p><strong>1975<\/strong><br \/>\nEmbajada de la Rep\u00fablica Argentina en Uruguay y la Sociedad de Arquitectos del Uruguay, para exponer obras y dictar conferencias<\/p>\n<p><strong>1977<\/strong><br \/>\nJornadas Argentinas de Arquitectos, Azul, Provincia de Buenos Aires, para participar de la reuni\u00f3n y dictar conferencia<\/p>\n<p>Universidad Nacional Federico Villarreal, para participar de la Reuni\u00f3n de los Grandes Maestros de Arquitectura, Cuzco &#8211; Lima, Per\u00fa, y suscribir La Carta de Machu-Pichu<\/p>\n<p><strong>1979<\/strong><br \/>\nColegio de Arquitectos de Chile y Academia Nacional de Bellas Artes del mismo pa\u00eds, para dictar conferencia con motivo de la II Bienal de Arquitectura<\/p>\n<p>Facultad de Arquitectura de la Universidad Cat\u00f3lica de Santa Fe, para dictar conferencia en compa\u00f1\u00eda de miembros de la Academia Nacional de Bellas Artes<\/p>\n<p>Facultad de Arquitectura y Urbanismo, Universidad de Mar del Plata, para dictar conferencia<\/p>\n<p><strong>1980<\/strong><br \/>\nGobierno de la Rep\u00fablica del Per\u00fa, para exponer al Presidente Fernando Bela\u00fande Terry el proyecto Viviendas en el Espacio \u2013 Conjunto de Blocs \u2013 Propuesta Urbana de car\u00e1cter Lineal para el Per\u00fa<\/p>\n<p>Encuentro Internacional de Arquitectos, Facultad de Arquitectura Xalapa, Veracruz \u2013 M\u00e9xico, invitado como Maestro Hu\u00e9sped Honorario<\/p>\n<p><strong>1987<\/strong><br \/>\nUniversidad de Harvard, para concurrir a la exposici\u00f3n de sus trabajos<\/p>\n<p>Universidad de Michigan, para dictar conferencia<\/p>\n","protected":false},"excerpt":{"rendered":"<p>1951 1a. Bienal de San Pablo para integrar el jurado internacional 1955-1956 Departamento de Estado de los EE.UU. y diversas universidades de ese pa\u00eds, para dictar conferencias y realizar exposiciones 1956 Universidad de Princeton, para integrar el jurado de trabajos finales de curso en arquitectura Gobierno del Brasil conjuntamente con el Instituto de Arquitectos y [&hellip;]<\/p>\n","protected":false},"author":1,"featured_media":0,"parent":0,"menu_order":0,"comment_status":"closed","ping_status":"closed","template":"","meta":{"footnotes":""},"class_list":["post-92","page","type-page","status-publish","hentry"],"acf":[],"yoast_head":"<!-- This site is optimized with the Yoast SEO plugin v26.9 - https:\/\/yoast.com\/product\/yoast-seo-wordpress\/ -->\n<title>Invitaciones - Amancio Williams<\/title>\n<meta name=\"robots\" content=\"index, follow, max-snippet:-1, max-image-preview:large, max-video-preview:-1\" \/>\n<link rel=\"canonical\" href=\"https:\/\/monoambiente.com.ar\/amanciowilliams\/invitaciones\/\" \/>\n<meta property=\"og:locale\" content=\"es_ES\" \/>\n<meta property=\"og:type\" content=\"article\" \/>\n<meta property=\"og:title\" content=\"Invitaciones - Amancio Williams\" \/>\n<meta property=\"og:description\" content=\"1951 1a. Bienal de San Pablo para integrar el jurado internacional 1955-1956 Departamento de Estado de los EE.UU. y diversas universidades de ese pa\u00eds, para dictar conferencias y realizar exposiciones 1956 Universidad de Princeton, para integrar el jurado de trabajos finales de curso en arquitectura Gobierno del Brasil conjuntamente con el Instituto de Arquitectos y [&hellip;]\" \/>\n<meta property=\"og:url\" content=\"https:\/\/monoambiente.com.ar\/amanciowilliams\/invitaciones\/\" \/>\n<meta property=\"og:site_name\" content=\"Amancio Williams\" \/>\n<meta name=\"twitter:card\" content=\"summary_large_image\" \/>\n<meta name=\"twitter:label1\" content=\"Tiempo de lectura\" \/>\n\t<meta name=\"twitter:data1\" content=\"2 minutos\" \/>\n<script type=\"application\/ld+json\" class=\"yoast-schema-graph\">{\"@context\":\"https:\/\/schema.org\",\"@graph\":[{\"@type\":\"WebPage\",\"@id\":\"https:\/\/monoambiente.com.ar\/amanciowilliams\/invitaciones\/\",\"url\":\"https:\/\/monoambiente.com.ar\/amanciowilliams\/invitaciones\/\",\"name\":\"Invitaciones - Amancio Williams\",\"isPartOf\":{\"@id\":\"https:\/\/monoambiente.com.ar\/amanciowilliams\/#website\"},\"datePublished\":\"2023-01-11T20:24:06+00:00\",\"inLanguage\":\"es\",\"potentialAction\":[{\"@type\":\"ReadAction\",\"target\":[\"https:\/\/monoambiente.com.ar\/amanciowilliams\/invitaciones\/\"]}]},{\"@type\":\"WebSite\",\"@id\":\"https:\/\/monoambiente.com.ar\/amanciowilliams\/#website\",\"url\":\"https:\/\/monoambiente.com.ar\/amanciowilliams\/\",\"name\":\"Amancio Williams\",\"description\":\"Digitalizaci\u00f3n y puesta en valor del Archivo Williams\",\"potentialAction\":[{\"@type\":\"SearchAction\",\"target\":{\"@type\":\"EntryPoint\",\"urlTemplate\":\"https:\/\/monoambiente.com.ar\/amanciowilliams\/?s={search_term_string}\"},\"query-input\":{\"@type\":\"PropertyValueSpecification\",\"valueRequired\":true,\"valueName\":\"search_term_string\"}}],\"inLanguage\":\"es\"}]}<\/script>\n<!-- \/ Yoast SEO plugin. -->","yoast_head_json":{"title":"Invitaciones - Amancio Williams","robots":{"index":"index","follow":"follow","max-snippet":"max-snippet:-1","max-image-preview":"max-image-preview:large","max-video-preview":"max-video-preview:-1"},"canonical":"https:\/\/monoambiente.com.ar\/amanciowilliams\/invitaciones\/","og_locale":"es_ES","og_type":"article","og_title":"Invitaciones - Amancio Williams","og_description":"1951 1a. Bienal de San Pablo para integrar el jurado internacional 1955-1956 Departamento de Estado de los EE.UU. y diversas universidades de ese pa\u00eds, para dictar conferencias y realizar exposiciones 1956 Universidad de Princeton, para integrar el jurado de trabajos finales de curso en arquitectura Gobierno del Brasil conjuntamente con el Instituto de Arquitectos y [&hellip;]","og_url":"https:\/\/monoambiente.com.ar\/amanciowilliams\/invitaciones\/","og_site_name":"Amancio Williams","twitter_card":"summary_large_image","twitter_misc":{"Tiempo de lectura":"2 minutos"},"schema":{"@context":"https:\/\/schema.org","@graph":[{"@type":"WebPage","@id":"https:\/\/monoambiente.com.ar\/amanciowilliams\/invitaciones\/","url":"https:\/\/monoambiente.com.ar\/amanciowilliams\/invitaciones\/","name":"Invitaciones - Amancio Williams","isPartOf":{"@id":"https:\/\/monoambiente.com.ar\/amanciowilliams\/#website"},"datePublished":"2023-01-11T20:24:06+00:00","inLanguage":"es","potentialAction":[{"@type":"ReadAction","target":["https:\/\/monoambiente.com.ar\/amanciowilliams\/invitaciones\/"]}]},{"@type":"WebSite","@id":"https:\/\/monoambiente.com.ar\/amanciowilliams\/#website","url":"https:\/\/monoambiente.com.ar\/amanciowilliams\/","name":"Amancio Williams","description":"Digitalizaci\u00f3n y puesta en valor del Archivo Williams","potentialAction":[{"@type":"SearchAction","target":{"@type":"EntryPoint","urlTemplate":"https:\/\/monoambiente.com.ar\/amanciowilliams\/?s={search_term_string}"},"query-input":{"@type":"PropertyValueSpecification","valueRequired":true,"valueName":"search_term_string"}}],"inLanguage":"es"}]}},"_links":{"self":[{"href":"https:\/\/monoambiente.com.ar\/amanciowilliams\/wp-json\/wp\/v2\/pages\/92","targetHints":{"allow":["GET"]}}],"collection":[{"href":"https:\/\/monoambiente.com.ar\/amanciowilliams\/wp-json\/wp\/v2\/pages"}],"about":[{"href":"https:\/\/monoambiente.com.ar\/amanciowilliams\/wp-json\/wp\/v2\/types\/page"}],"author":[{"embeddable":true,"href":"https:\/\/monoambiente.com.ar\/amanciowilliams\/wp-json\/wp\/v2\/users\/1"}],"replies":[{"embeddable":true,"href":"https:\/\/monoambiente.com.ar\/amanciowilliams\/wp-json\/wp\/v2\/comments?post=92"}],"version-history":[{"count":1,"href":"https:\/\/monoambiente.com.ar\/amanciowilliams\/wp-json\/wp\/v2\/pages\/92\/revisions"}],"predecessor-version":[{"id":93,"href":"https:\/\/monoambiente.com.ar\/amanciowilliams\/wp-json\/wp\/v2\/pages\/92\/revisions\/93"}],"wp:attachment":[{"href":"https:\/\/monoambiente.com.ar\/amanciowilliams\/wp-json\/wp\/v2\/media?parent=92"}],"curies":[{"name":"wp","href":"https:\/\/api.w.org\/{rel}","templated":true}]}}