{"id":90,"date":"2023-01-11T17:23:45","date_gmt":"2023-01-11T20:23:45","guid":{"rendered":"https:\/\/monoambiente.com.ar\/amanciowilliams\/?page_id=90"},"modified":"2023-01-11T17:23:45","modified_gmt":"2023-01-11T20:23:45","slug":"distinciones","status":"publish","type":"page","link":"https:\/\/monoambiente.com.ar\/amanciowilliams\/distinciones\/","title":{"rendered":"Distinciones"},"content":{"rendered":"<p><strong>1948<\/strong><br \/>\nMiembro Delegado por la Argentina, CIAM, Congresos Internacionales de Arquitectura Moderna<\/p>\n<p><strong>1958<\/strong><br \/>\nMedalla de Oro de la Exposici\u00f3n Internacional de Bruselas por el trabajo Sala para el Espect\u00e1culo Pl\u00e1stico y el Sonido en el Espacio<\/p>\n<p>Miembro del Consejo Superior de la Universidad Cat\u00f3lica Argentina<\/p>\n<p><strong>1959<\/strong><br \/>\nAcad\u00e9mico de la Academia Nacional de Bellas Artes<\/p>\n<p><strong>1962<\/strong><br \/>\nMiembro de Honor del American Institute of Architects<\/p>\n<p><strong>1964<\/strong><br \/>\nMiembro de la Comisi\u00f3n de Intercambio Cultural con el Museo de Arte Moderno de Nueva York<\/p>\n<p><strong>1965<\/strong><br \/>\nMiembro de Honor del Colegio de Arquitectos del Per\u00fa<\/p>\n<p>Miembro de Honor del Instituto de Cultura Hisp\u00e1nica<\/p>\n<p><strong>1967<\/strong><br \/>\nMiembro del Jurado de Honor del Centro de Dise\u00f1o, CIDI, Instituto Nacional de Tecnolog\u00eda Industrial<\/p>\n<p><strong>1970<\/strong><br \/>\nArquitecto Uruguayo, Universidad de Montevideo<\/p>\n<p><strong>1971<\/strong><br \/>\nLaurel de Plata, Ateneo Rotariano<\/p>\n<p><strong>1972<\/strong><br \/>\nDistinci\u00f3n de Honor, Bianual de Arquitectura, Sociedad Central de Arquitectos<\/p>\n<p><strong>1975<\/strong><br \/>\nProfesor Honorario, Universidad de la Rep\u00fablica, Uruguay<\/p>\n<p><strong>1977<\/strong><br \/>\nProfesor Honorario, Universidad Nacional Federico Villarroel, Per\u00fa<\/p>\n<p><strong>1979<\/strong><br \/>\nMiembro Honorario, Instituto de Urbanismo y Planeamiento, Per\u00fa<\/p>\n<p>Hu\u00e9sped de honor, Facultad de Arquitectura y Urbanismo, Universidad de Mar del Plata<\/p>\n<p><strong>1980<\/strong><br \/>\nDoctor Honoris Causa, Universidad Nacional Federico Villarroel, Per\u00fa<\/p>\n<p><strong>1982<\/strong><br \/>\nDiploma al M\u00e9rito en Arquitectura, Premio Konex de Artes Visuales<\/p>\n<p><strong>1984<\/strong><br \/>\nPremio Consagraci\u00f3n Nacional en Bellas Artes, Secretar\u00eda de Cultura de la Naci\u00f3n<\/p>\n<p><strong>1988<\/strong><br \/>\nMiembro Honorario Fundaci\u00f3n Miguel Lillo, Tucum\u00e1n<\/p>\n<p>Premio Mecenas, auspiciado por la Secretar\u00eda de Cultura de la Municipalidad de la Ciudad de Buenos Aires<\/p>\n<p>Premio Alejandro Shaw en Arquitectura, Fundaci\u00f3n Shaw<\/p>\n<p><strong>1989<\/strong><br \/>\nDoctor Honoris Causa, Universidad Nacional de Buenos Aires<\/p>\n<p>En 1989 la Municipalidad de la Ciudad de Buenos Aires design\u00f3 a Amancio Williams como Ciudadano Ilustre de Buenos Aires. Dicha distinci\u00f3n no lleg\u00f3 a hacerse efectiva a causa de su fallecimiento<\/p>\n","protected":false},"excerpt":{"rendered":"<p>1948 Miembro Delegado por la Argentina, CIAM, Congresos Internacionales de Arquitectura Moderna 1958 Medalla de Oro de la Exposici\u00f3n Internacional de Bruselas por el trabajo Sala para el Espect\u00e1culo Pl\u00e1stico y el Sonido en el Espacio Miembro del Consejo Superior de la Universidad Cat\u00f3lica Argentina 1959 Acad\u00e9mico de la Academia Nacional de Bellas Artes 1962 [&hellip;]<\/p>\n","protected":false},"author":1,"featured_media":0,"parent":0,"menu_order":0,"comment_status":"closed","ping_status":"closed","template":"","meta":{"footnotes":""},"class_list":["post-90","page","type-page","status-publish","hentry"],"acf":[],"yoast_head":"<!-- This site is optimized with the Yoast SEO plugin v26.9 - https:\/\/yoast.com\/product\/yoast-seo-wordpress\/ -->\n<title>Distinciones - Amancio Williams<\/title>\n<meta name=\"robots\" content=\"index, follow, max-snippet:-1, max-image-preview:large, max-video-preview:-1\" \/>\n<link rel=\"canonical\" href=\"https:\/\/monoambiente.com.ar\/amanciowilliams\/distinciones\/\" \/>\n<meta property=\"og:locale\" content=\"es_ES\" \/>\n<meta property=\"og:type\" content=\"article\" \/>\n<meta property=\"og:title\" content=\"Distinciones - Amancio Williams\" \/>\n<meta property=\"og:description\" content=\"1948 Miembro Delegado por la Argentina, CIAM, Congresos Internacionales de Arquitectura Moderna 1958 Medalla de Oro de la Exposici\u00f3n Internacional de Bruselas por el trabajo Sala para el Espect\u00e1culo Pl\u00e1stico y el Sonido en el Espacio Miembro del Consejo Superior de la Universidad Cat\u00f3lica Argentina 1959 Acad\u00e9mico de la Academia Nacional de Bellas Artes 1962 [&hellip;]\" \/>\n<meta property=\"og:url\" content=\"https:\/\/monoambiente.com.ar\/amanciowilliams\/distinciones\/\" \/>\n<meta property=\"og:site_name\" content=\"Amancio Williams\" \/>\n<meta name=\"twitter:card\" content=\"summary_large_image\" \/>\n<meta name=\"twitter:label1\" content=\"Tiempo de lectura\" \/>\n\t<meta name=\"twitter:data1\" content=\"1 minuto\" \/>\n<script type=\"application\/ld+json\" class=\"yoast-schema-graph\">{\"@context\":\"https:\/\/schema.org\",\"@graph\":[{\"@type\":\"WebPage\",\"@id\":\"https:\/\/monoambiente.com.ar\/amanciowilliams\/distinciones\/\",\"url\":\"https:\/\/monoambiente.com.ar\/amanciowilliams\/distinciones\/\",\"name\":\"Distinciones - Amancio Williams\",\"isPartOf\":{\"@id\":\"https:\/\/monoambiente.com.ar\/amanciowilliams\/#website\"},\"datePublished\":\"2023-01-11T20:23:45+00:00\",\"inLanguage\":\"es\",\"potentialAction\":[{\"@type\":\"ReadAction\",\"target\":[\"https:\/\/monoambiente.com.ar\/amanciowilliams\/distinciones\/\"]}]},{\"@type\":\"WebSite\",\"@id\":\"https:\/\/monoambiente.com.ar\/amanciowilliams\/#website\",\"url\":\"https:\/\/monoambiente.com.ar\/amanciowilliams\/\",\"name\":\"Amancio Williams\",\"description\":\"Digitalizaci\u00f3n y puesta en valor del Archivo Williams\",\"potentialAction\":[{\"@type\":\"SearchAction\",\"target\":{\"@type\":\"EntryPoint\",\"urlTemplate\":\"https:\/\/monoambiente.com.ar\/amanciowilliams\/?s={search_term_string}\"},\"query-input\":{\"@type\":\"PropertyValueSpecification\",\"valueRequired\":true,\"valueName\":\"search_term_string\"}}],\"inLanguage\":\"es\"}]}<\/script>\n<!-- \/ Yoast SEO plugin. -->","yoast_head_json":{"title":"Distinciones - Amancio Williams","robots":{"index":"index","follow":"follow","max-snippet":"max-snippet:-1","max-image-preview":"max-image-preview:large","max-video-preview":"max-video-preview:-1"},"canonical":"https:\/\/monoambiente.com.ar\/amanciowilliams\/distinciones\/","og_locale":"es_ES","og_type":"article","og_title":"Distinciones - Amancio Williams","og_description":"1948 Miembro Delegado por la Argentina, CIAM, Congresos Internacionales de Arquitectura Moderna 1958 Medalla de Oro de la Exposici\u00f3n Internacional de Bruselas por el trabajo Sala para el Espect\u00e1culo Pl\u00e1stico y el Sonido en el Espacio Miembro del Consejo Superior de la Universidad Cat\u00f3lica Argentina 1959 Acad\u00e9mico de la Academia Nacional de Bellas Artes 1962 [&hellip;]","og_url":"https:\/\/monoambiente.com.ar\/amanciowilliams\/distinciones\/","og_site_name":"Amancio Williams","twitter_card":"summary_large_image","twitter_misc":{"Tiempo de lectura":"1 minuto"},"schema":{"@context":"https:\/\/schema.org","@graph":[{"@type":"WebPage","@id":"https:\/\/monoambiente.com.ar\/amanciowilliams\/distinciones\/","url":"https:\/\/monoambiente.com.ar\/amanciowilliams\/distinciones\/","name":"Distinciones - Amancio Williams","isPartOf":{"@id":"https:\/\/monoambiente.com.ar\/amanciowilliams\/#website"},"datePublished":"2023-01-11T20:23:45+00:00","inLanguage":"es","potentialAction":[{"@type":"ReadAction","target":["https:\/\/monoambiente.com.ar\/amanciowilliams\/distinciones\/"]}]},{"@type":"WebSite","@id":"https:\/\/monoambiente.com.ar\/amanciowilliams\/#website","url":"https:\/\/monoambiente.com.ar\/amanciowilliams\/","name":"Amancio Williams","description":"Digitalizaci\u00f3n y puesta en valor del Archivo Williams","potentialAction":[{"@type":"SearchAction","target":{"@type":"EntryPoint","urlTemplate":"https:\/\/monoambiente.com.ar\/amanciowilliams\/?s={search_term_string}"},"query-input":{"@type":"PropertyValueSpecification","valueRequired":true,"valueName":"search_term_string"}}],"inLanguage":"es"}]}},"_links":{"self":[{"href":"https:\/\/monoambiente.com.ar\/amanciowilliams\/wp-json\/wp\/v2\/pages\/90","targetHints":{"allow":["GET"]}}],"collection":[{"href":"https:\/\/monoambiente.com.ar\/amanciowilliams\/wp-json\/wp\/v2\/pages"}],"about":[{"href":"https:\/\/monoambiente.com.ar\/amanciowilliams\/wp-json\/wp\/v2\/types\/page"}],"author":[{"embeddable":true,"href":"https:\/\/monoambiente.com.ar\/amanciowilliams\/wp-json\/wp\/v2\/users\/1"}],"replies":[{"embeddable":true,"href":"https:\/\/monoambiente.com.ar\/amanciowilliams\/wp-json\/wp\/v2\/comments?post=90"}],"version-history":[{"count":1,"href":"https:\/\/monoambiente.com.ar\/amanciowilliams\/wp-json\/wp\/v2\/pages\/90\/revisions"}],"predecessor-version":[{"id":91,"href":"https:\/\/monoambiente.com.ar\/amanciowilliams\/wp-json\/wp\/v2\/pages\/90\/revisions\/91"}],"wp:attachment":[{"href":"https:\/\/monoambiente.com.ar\/amanciowilliams\/wp-json\/wp\/v2\/media?parent=90"}],"curies":[{"name":"wp","href":"https:\/\/api.w.org\/{rel}","templated":true}]}}