{"id":87,"date":"2023-01-11T17:23:01","date_gmt":"2023-01-11T20:23:01","guid":{"rendered":"https:\/\/monoambiente.com.ar\/amanciowilliams\/?page_id=87"},"modified":"2023-01-11T17:23:24","modified_gmt":"2023-01-11T20:23:24","slug":"trabajos-de-planeamiento-arquitectura-y-diseno","status":"publish","type":"page","link":"https:\/\/monoambiente.com.ar\/amanciowilliams\/trabajos-de-planeamiento-arquitectura-y-diseno\/","title":{"rendered":"Trabajos de Planeamiento, Arquitectura y Dise\u00f1o"},"content":{"rendered":"<p style=\"text-align: left;\"><strong>1935<\/strong><br \/>\nCHALET EN MAR DEL PLATA<br \/>\nComitente Alberto Williams<br \/>\nCalle Bol\u00edvar entre Viamonte y Mendoza<\/p>\n<p style=\"text-align: left;\"><strong>1939<\/strong><br \/>\nESTRUCTURA DE TECHO ALTO<\/p>\n<p style=\"text-align: left;\"><strong>1941<\/strong><br \/>\nCONCURSO DE ACUSTICA<br \/>\nPREMIO ING. ALVAREZ DE TOLEDO<br \/>\n2\u00ba premio<\/p>\n<p style=\"text-align: left;\"><strong>1942<\/strong><br \/>\nVIVIENDAS EN EL ESPACIO<br \/>\nColaboradores Arqs. Delfina G\u00e1lvez de Williams, Jorge Vivanco<\/p>\n<p style=\"text-align: left;\">CASA EN BARILOCHE<br \/>\nComitente Jorge Black<\/p>\n<p style=\"text-align: left;\">ESTUDIO PARA VIVIENDAS EN CASA AMARILLA<br \/>\nCo-autores Arqs. Antonio Bonete, Horacio Caminos, Ricardo Rivas, Eduardo Sacriste, Hilario Zalba<\/p>\n<p style=\"text-align: left;\"><strong>1942-1943<\/strong><br \/>\nDISE\u00d1O DE UN TABIQUE EXTENSIBLE DE ANCHO CONSTANTE<\/p>\n<p style=\"text-align: left;\">SALA DE CONCIERTOS<\/p>\n<p style=\"text-align: left;\"><strong>1943<\/strong><br \/>\nVIVIENDAS EN EL ESPACIO-CONJUNTO DE BLOCS<\/p>\n<p style=\"text-align: left;\"><strong>1945<\/strong><br \/>\nCASA SOBRE EL ARROYO EN MAR DEL PLATA<br \/>\nColaborador Arqta. Delfina G\u00e1lvez de Williams<\/p>\n<p style=\"text-align: left;\">Asesores de estructura Ings. Carlos Treglia y Federico Batrosse<br \/>\nComitente Alberto Williams<br \/>\nCalle Mat\u00e9u y v\u00edas del F.C.S.<\/p>\n<p style=\"text-align: left;\"><strong>1943-1953<\/strong><br \/>\nSALA PARA EL ESPECT\u00c1CULO PLASTICO Y EL SONIDO EN EL ESPACIO<\/p>\n<p style=\"text-align: left;\"><strong>1943<\/strong><br \/>\nCASA EN EL PARQUE PEREYRA IRAOLA<br \/>\nComitente Mario Williams<\/p>\n<p style=\"text-align: left;\">CASA EN MARTINEZ<br \/>\nComitente Albard\u00f3n<\/p>\n<p style=\"text-align: left;\">VIVIENDA PARA UN LOTE DE TAMA\u00d1O USUAL<\/p>\n<p style=\"text-align: left;\">VIVIENDAS POR PISOS EN MAR DEL PLATA<\/p>\n<p style=\"text-align: left;\">PLANEAMIENTO DE LA PATAGONIA<\/p>\n<p style=\"text-align: left;\">DISE\u00d1O DE UN SILLON \u2013 VERSI\u00d3N MODERNA DE UN MUEBLE POPULAR<\/p>\n<p style=\"text-align: left;\"><strong>1944<\/strong><br \/>\nCASA EN ESCOBAR<\/p>\n<p style=\"text-align: left;\">TRABAJO SOBRE COMUNICACIONES Y TRANSPORTES<\/p>\n<p style=\"text-align: left;\"><strong>1945<\/strong><br \/>\nCASA EN EL CAMPO, PARTIDO GRAL. PUEYRREDON<br \/>\nColaborador Arq. Jorge Butler<\/p>\n<p style=\"text-align: left;\">AEROPUERTO DE BUENOS AIRES<br \/>\nColaboradores Arqs. C\u00e9sar Janello, Colette B. de Janello, Jorge Butler<\/p>\n<p style=\"text-align: left;\">PLANEAMIENTO DE LA CIUDAD DE BUENOS AIRES EN RELACION AL PAIS Y AL CONTINENTE<\/p>\n<p style=\"text-align: left;\"><strong>1946<\/strong><br \/>\nEDIFICIO SUSPENDIDO DE OFICINAS<br \/>\nColaboradores Arqs. C\u00e9sar Janello, Colette B. De Janello, Jorge Butler<br \/>\nComitente Hileret<\/p>\n<p style=\"text-align: left;\"><strong>1947<\/strong><br \/>\nPLANEAMIENTO NACIONAL PARA LA ORGANIZACI\u00d3N DE LA SALUD PUBLICA EN LA ARGENTINA<\/p>\n<p style=\"text-align: left;\">Comitente Ministerio de Salud P\u00fablica de la Naci\u00f3n<\/p>\n<p style=\"text-align: left;\">PLANEAMIENTO REGIONAL DEL DELTA<\/p>\n<p style=\"text-align: left;\"><strong>1948<\/strong><br \/>\nPLANEAMIENTO DE LA CIUDAD DE CORRIENTES Y SU REGION<\/p>\n<p style=\"text-align: left;\">TRANSFORMACI\u00d3N DE UNA MANZANA EN LA CIUDAD DE CORDOBA<br \/>\nColaborador Ing. Gustavo G\u00f3mez Molina<br \/>\nComitente: Orden de los Mercedarios<\/p>\n<p style=\"text-align: left;\"><strong>1948-1953<\/strong><br \/>\nTRES HOSPITALES EN CORRIENTES<br \/>\nComitente Ministerio de Salud P\u00fablica de la Naci\u00f3n<\/p>\n<p style=\"text-align: left;\"><strong>1949<\/strong><br \/>\nBARCO PARA CATASTRO SANITARIO Y TORRE DE COMUNICACIONES<\/p>\n<p style=\"text-align: left;\">CASA EN PALERMO<br \/>\nComitente Tascheret<\/p>\n<p style=\"text-align: left;\"><strong>1949-1950<\/strong><br \/>\nVARIOS TRABAJOS PLASTICOS<\/p>\n<p style=\"text-align: left;\"><strong>1950-1951<\/strong><br \/>\nPLANOS DE OBRA Y DIRECCI\u00d3N DEL PROYECTO DE LE CORBUSIER EN LA PLATA, CASA CURUTCHET<\/p>\n<p style=\"text-align: left;\"><strong>1951<\/strong><br \/>\nCASA EN EL TIGRE<\/p>\n<p style=\"text-align: left;\"><strong>1951-1952<\/strong><br \/>\nUNA NUEVA BOVEDA CASCARA<br \/>\nColaboradores Arqs. Jacobo Saal y Helvidia T. De Saal<br \/>\nAsesor Ing. Julio Pizetti<\/p>\n<p style=\"text-align: left;\"><strong>1952<\/strong><\/p>\n<p style=\"text-align: left;\">CASA EN MUNRO<\/p>\n<p style=\"text-align: left;\"><strong>1953<\/strong><br \/>\nCASA EN EL DELTA<\/p>\n<p style=\"text-align: left;\"><strong>1954<\/strong><br \/>\nVARIAS ESTRUCTURAS<\/p>\n<p style=\"text-align: left;\"><strong>1954-1955<\/strong><br \/>\nESTACION DE SERVICIO EN AVELLANEDA<\/p>\n<p style=\"text-align: left;\"><strong>1955<\/strong><br \/>\nCENTRO SANITARIO EN MAR DEL PLATA<br \/>\n*<br \/>\n<strong>1955-1957<\/strong><br \/>\nCASA DE DEPARTAMENTOS EN AVENIDA CORONEL DIAZ<br \/>\nComitente Financosa S.A.<\/p>\n<p style=\"text-align: left;\"><strong>1956-1957<\/strong><br \/>\nDISE\u00d1O DE VARIOS MUEBLES<\/p>\n<p style=\"text-align: left;\">TRANSFORMACI\u00d3N DE PARTE DE UN EDIFICIO EN AVENIDA ALVEAR<br \/>\nComitente Francisco De Ridder<br \/>\nAv. Alvear 1491<\/p>\n<p style=\"text-align: left;\"><strong>1957-1958<\/strong><br \/>\nPLAN PARA EL PARTIDO Y LA CIUDAD DE TIGRE<br \/>\nComitente Municipalidad de Tigre<\/p>\n<p style=\"text-align: left;\"><strong>1959<\/strong><br \/>\nREMODELACION DE UN EDIFICIO EN CALLE CARLOS PELLEGRINI<br \/>\nComitente Universidad Cat\u00f3lica Argentina<br \/>\nCalle C. Pellegrini entre Posadas y Av. Libertador<\/p>\n<p style=\"text-align: left;\"><strong>1960<\/strong><br \/>\nDEPARTAMENTO EN CALLE PARERA<br \/>\nComitente Ignacio Pirovano<br \/>\nCalle Parera 3<\/p>\n<p style=\"text-align: left;\">REMODELACI\u00d3N DE LA ESTANCIA HUINCA-LOO EN ORENSE, PROVINCIA DE BUENOS AIRES<br \/>\nComitente Alberto Blaquier<\/p>\n<p style=\"text-align: left;\">ESCUELA INDUSTRIAL EN OLAVARIA<br \/>\nComitente Loma Negra<\/p>\n<p style=\"text-align: left;\">SUPERMERCADO TEXTIL EN BERNAL<br \/>\nComitente La Bernalesa<\/p>\n<p style=\"text-align: left;\">MONUMENTO DEL PRIMER CONGRESO MARIANO INTERAMERICANO<br \/>\nComitente Comisi\u00f3n presidida por el Cardenal Primado Dr. Antonio Caggiano<br \/>\nAv. Sarmiento y Libertador<\/p>\n<p style=\"text-align: left;\"><strong>1961<\/strong><br \/>\nCASA EN PUNTA DEL ESTE<br \/>\nComitente Flia. y Fundaci\u00f3n Di Tella<\/p>\n<p style=\"text-align: left;\">UBICACI\u00d3N EN EL RIO DE LA CRUZ DEL CONGRESO MARIANO<br \/>\nComitente Presidencia de la Naci\u00f3n<\/p>\n<p style=\"text-align: left;\">UBICACI\u00d3N DE REPLICA DE LA CRUZ DEL CONGRESO MARIANO EN LA ANTARTIDA<br \/>\nComitente Presidencia de la Naci\u00f3n<\/p>\n<p style=\"text-align: left;\">CONCURSO BARRIO DE VIVIENDAS<br \/>\nComitente Olivetti S.A.<\/p>\n<p style=\"text-align: left;\">DISE\u00d1O DE ENVASE DE CERVEZA<br \/>\nComitente Cinzano<\/p>\n<p style=\"text-align: left;\"><strong>1962<\/strong><br \/>\nLOCAL DE VENTAS EN AVENIDA ALVEAR<br \/>\nComitente Ra\u00fal S\u00e1nchez El\u00eda<br \/>\nAv. Alvear 1516<\/p>\n<p style=\"text-align: left;\">ESTUDIO PARA UN EDIFICIO DE DEPARTAMENTOS EN AVENIDA LIBERTADOR<br \/>\nComitente Di Tella<\/p>\n<p style=\"text-align: left;\">FABRICA EN LA PROVINCIA DE CORDOBA<br \/>\nComitente IGGAM S.A.<\/p>\n<p style=\"text-align: left;\">MONUMENTO EN HOMENAJE A ALBERTO WILLIAMS<\/p>\n<p style=\"text-align: left;\"><strong>1963<\/strong><br \/>\nREMODELACION DE UN PISO EXISTENTE EN CALLE GELLY OBES<br \/>\nComitente Jacques Baron Supervielle<br \/>\nCalle Gelly Obes y Guido<\/p>\n<p style=\"text-align: left;\">REMODELACI\u00d3N DE DOS PISOS EN EDIFICIO DE CALLE HIP\u00d3LITO IRIGOYEN<br \/>\nComitente Mois\u00e9s Ann\u00e1n<br \/>\nCalle Hip\u00f3lito Irigoyen 1782<\/p>\n<p style=\"text-align: left;\"><strong>1964<\/strong><br \/>\nBIBILIOTECA EN RESIDENCIA DE ESTUDIANTES<br \/>\nComitente Mons. Angel Magliocco<br \/>\nCalle Zaval\u00eda 2048<\/p>\n<p style=\"text-align: left;\">MONUMENTO EN BERLIN<br \/>\nColaborador Arq. Bruno Shaap<\/p>\n<p style=\"text-align: left;\">Comitente CELAM<\/p>\n<p style=\"text-align: left;\"><strong>1965<\/strong><br \/>\nLABORATORIO EN CALLE JUNCAL<br \/>\nComitente Dr. Mois\u00e9s Schere<br \/>\nCalle Juncal 1720<\/p>\n<p style=\"text-align: left;\"><strong>1966<\/strong><br \/>\nLOCAL DE VENTAS EN AVENIDA SANTA FE<br \/>\nComitente Olivetti S.A.<\/p>\n<p style=\"text-align: left;\">PABELLONES DE EXPOSICI\u00d3N<br \/>\nComitente Olivetti S.A.<\/p>\n<p style=\"text-align: left;\">PABELL\u00d3N DE EXPOSICIONES EN PALERMO<br \/>\nComitente Bunge y Born<br \/>\nPredio Sociedad Rural Argentina<br \/>\nAv. Sarmiento y Av. Santa Fe<\/p>\n<p style=\"text-align: left;\"><strong>1966.1968<\/strong><br \/>\nSANTUARIO DE NUESTRA SE\u00d1ORA DE FATIMA EN PILAR<br \/>\nComitente Comisi\u00f3n presidida por la Sra. Celina C. De Ruiz Gui\u00f1az\u00fa<\/p>\n<p style=\"text-align: left;\"><strong>1966.1970<\/strong><br \/>\nDEPARTAMENTO EN AVENIDA LIBERTADOR<br \/>\nComitente Santiago Bonomo<br \/>\nAv. Libertador 3672<\/p>\n<p style=\"text-align: left;\"><strong>1968<\/strong><br \/>\nEMBAJADA DE ALEMANIA EN BUENOS AIRES<br \/>\nEstudio Asociado Walter Gropius-The Architects Collaborative<br \/>\nComitente Ministerio de Relaciones Exteriores de la Rep. Federal de Alemania<\/p>\n<p style=\"text-align: left;\">CONCURSO EDIFICIO UNION INDUSTRIAL ARGENTINA<br \/>\nColaboradores Arqs. Luis Santos, Alejandro Bonomo, Eduardo Rojkind<br \/>\nComitente Uni\u00f3n Industrial Argentina<br \/>\n5\u00ba premio<\/p>\n<p style=\"text-align: left;\">DISE\u00d1O DE UN CABALLETE DE ALUMINIO-SOPORTE PARA CUADROS<\/p>\n<p style=\"text-align: left;\">EDIFICIO ALTO<br \/>\nComitente Clemente Lococo<\/p>\n<p style=\"text-align: left;\">1966.1969.VIVIENDA EN LA BARRANCA DE VICENTE LOPEZ<br \/>\nComitente Tilda Thamar<\/p>\n<p style=\"text-align: left;\"><strong>1968-1971<\/strong><br \/>\nCOUNTRY DEL CLUB SIRIO LIBANES DE PERGAMINO<br \/>\nColaboradores Arqs. Luis Santos, Delfina G\u00e1lvez de Williams, Ricardo Mckinlay<br \/>\nComitente Club Sirio Liban\u00e9s<\/p>\n<p style=\"text-align: left;\"><strong>1969<\/strong><br \/>\nCONCURSO HOSPITAL SAN VICENTE DE PAUL EN ORAN, SALTA<br \/>\nColaborador Arq. Luis Santos<\/p>\n<p style=\"text-align: left;\">VIVIENDA EN LAS LOMAS DE SAN ISIDRO<br \/>\nColaborador Arq. Luis Santos<br \/>\nComitente Tte. Gral. Juan Carlos Ongan\u00eda<\/p>\n<p style=\"text-align: left;\">VIVIENDA EN LAS LOMAS DE SAN ISIDRO<br \/>\nColaborador Arq. Luis Santos<br \/>\nComitente Ra\u00fal Desmar\u00e1s<\/p>\n<p style=\"text-align: left;\">CASA EN EL BOATING CLUB DE SAN ISIDRO<br \/>\nColaborador Arq. Eduardo Leston<br \/>\nComitente Bernardo Mandelbaum<\/p>\n<p style=\"text-align: left;\">EDIFICIO DE OFICINAS EN CALLE 25 DE MAYO<br \/>\nColaborador Arq. Luis Santos<br \/>\nComitente CANUMAR<\/p>\n<p style=\"text-align: left;\"><strong>1969-1970<\/strong><br \/>\nCENTRO DE PROMOCION CULTURAL EN CUMECO, PRIVOANO<br \/>\nColaborador Arq. Eduardo Leston<br \/>\nComitente Fundaci\u00f3n Pirovano<\/p>\n<p style=\"text-align: left;\"><strong>1970<\/strong><br \/>\nESTACION DE FRECUENCIA MODULADA EN MAR DEL PLATA<br \/>\nComitente LU9 Emisora Mar del Plata<\/p>\n<p style=\"text-align: left;\"><strong>1971-1972<\/strong><br \/>\nESTUDIO PARA CORRIENTES Y SU REGION<br \/>\nOfrecimiento al Gobierno de la Provincia de Corrientes<\/p>\n<p style=\"text-align: left;\"><strong>1972<\/strong><br \/>\nMONUMENTO JUNTO AL TEATRO COLON<br \/>\nComitente Municipalidad de la Ciudad de Buenos Aires<\/p>\n<p style=\"text-align: left;\">DISE\u00d1O DE UN MUEBLE MODULAR<\/p>\n<p style=\"text-align: left;\"><strong>1974-1983<\/strong><br \/>\nLA CIUDAD QUE NECESITA LA HUMANIDAD<br \/>\nColaboradores invitados Arqs. Reginald Malcolmson de Michigan, Jerzy Soltan de Harvard, Mario Pays\u00e9e Reyes de Montevideo<\/p>\n<p style=\"text-align: left;\"><strong>1977<\/strong><br \/>\nOFICINAS SACAFI<br \/>\nComitente Ignacio Pirovano<br \/>\nCalle Tres Sargentos 435<\/p>\n<p style=\"text-align: left;\">REFACCION DEPARTAMENTO EN AVENIDA LIBERTADOR<br \/>\nComitente Alberto Peirano<br \/>\nAv. Libertador 3672<\/p>\n<p style=\"text-align: left;\">DISE\u00d1O DE LIBRO EN ACORDEON<\/p>\n<p style=\"text-align: left;\"><strong>1978<\/strong><br \/>\nEDIFICIO DE DEPARTAMENTOS EN BELGRANO<\/p>\n<p style=\"text-align: left;\">MONUMENTO AL GENERAL SAN MART\u00cdN EN PIROVANO<br \/>\nFundaci\u00f3n Pirovano<\/p>\n<p style=\"text-align: left;\"><strong>1978-1980<\/strong><br \/>\nCRUZ EN EL RIO DE LA PLATA<br \/>\nComitente Municipalidad de la Ciudad de Buenos Aires<br \/>\nAsesoramiento de estructuras Leonhardt und Andr\u00e4, Alemania Federal<\/p>\n<p style=\"text-align: left;\"><strong>1980-1982<\/strong><br \/>\nVIVIENDAS EN EL ESPACIO-PROPUESTA URBANA DE CAR\u00c1CTER LINEAL<br \/>\nOfrecimiento al Gobierno de la Rep\u00fablica del Per\u00fa<br \/>\nOfrecimiento al Gobierno de la Provincia de Buenos Aires<\/p>\n<p style=\"text-align: left;\"><strong>1966.1983<\/strong><br \/>\nLA PRIMERA CIUDAD EN LA ANTARTIDA<br \/>\nEstudio a iniciativa del Comando Ant\u00e1rtico del Ej\u00e9rcito Argentino<br \/>\nAsesoramiento de torre Leonhardt und Andr\u00e4<\/p>\n<p style=\"text-align: left;\"><strong>1981<\/strong><br \/>\nCONCURSO ANFITEATRO PARQUE CENTENARIO<br \/>\nEstudios Asociados Manteola, S\u00e1nchez G\u00f3mez, Santos, Solsona, Vi\u00f1oly, Arqs. Antonio D\u00edaz y asociados<br \/>\nComitente Fundaci\u00f3n Teatro Col\u00f3n<\/p>\n<p style=\"text-align: left;\"><strong>1982<\/strong><br \/>\nCONCURSO INTERNACIONAL PARC DE LA VILLETTE EN PARIS<br \/>\nComitente Presidencia de la Rep\u00fablica de Francia, Etablissement du Parc de la Villette<\/p>\n<p style=\"text-align: left;\">ESTUDIOS URBANISTICOS PARA LA CIUDAD DE BUENOS AIRES, BARRIO DE SAN TELMO<br \/>\nComitente Municipalidad de la Ciudad de Buenos Aires 1983-1989<br \/>\nLA CIUDAD QUE NECESITA LA HUMANIDAD<\/p>\n","protected":false},"excerpt":{"rendered":"<p>1935 CHALET EN MAR DEL PLATA Comitente Alberto Williams Calle Bol\u00edvar entre Viamonte y Mendoza 1939 ESTRUCTURA DE TECHO ALTO 1941 CONCURSO DE ACUSTICA PREMIO ING. ALVAREZ DE TOLEDO 2\u00ba premio 1942 VIVIENDAS EN EL ESPACIO Colaboradores Arqs. Delfina G\u00e1lvez de Williams, Jorge Vivanco CASA EN BARILOCHE Comitente Jorge Black ESTUDIO PARA VIVIENDAS EN CASA [&hellip;]<\/p>\n","protected":false},"author":1,"featured_media":0,"parent":0,"menu_order":0,"comment_status":"closed","ping_status":"closed","template":"","meta":{"footnotes":""},"class_list":["post-87","page","type-page","status-publish","hentry"],"acf":[],"yoast_head":"<!-- This site is optimized with the Yoast SEO plugin v26.9 - https:\/\/yoast.com\/product\/yoast-seo-wordpress\/ -->\n<title>Trabajos de Planeamiento, Arquitectura y Dise\u00f1o - Amancio Williams<\/title>\n<meta name=\"robots\" content=\"index, follow, max-snippet:-1, max-image-preview:large, max-video-preview:-1\" \/>\n<link rel=\"canonical\" href=\"https:\/\/monoambiente.com.ar\/amanciowilliams\/trabajos-de-planeamiento-arquitectura-y-diseno\/\" \/>\n<meta property=\"og:locale\" content=\"es_ES\" \/>\n<meta property=\"og:type\" content=\"article\" \/>\n<meta property=\"og:title\" content=\"Trabajos de Planeamiento, Arquitectura y Dise\u00f1o - Amancio Williams\" \/>\n<meta property=\"og:description\" content=\"1935 CHALET EN MAR DEL PLATA Comitente Alberto Williams Calle Bol\u00edvar entre Viamonte y Mendoza 1939 ESTRUCTURA DE TECHO ALTO 1941 CONCURSO DE ACUSTICA PREMIO ING. ALVAREZ DE TOLEDO 2\u00ba premio 1942 VIVIENDAS EN EL ESPACIO Colaboradores Arqs. Delfina G\u00e1lvez de Williams, Jorge Vivanco CASA EN BARILOCHE Comitente Jorge Black ESTUDIO PARA VIVIENDAS EN CASA [&hellip;]\" \/>\n<meta property=\"og:url\" content=\"https:\/\/monoambiente.com.ar\/amanciowilliams\/trabajos-de-planeamiento-arquitectura-y-diseno\/\" \/>\n<meta property=\"og:site_name\" content=\"Amancio Williams\" \/>\n<meta property=\"article:modified_time\" content=\"2023-01-11T20:23:24+00:00\" \/>\n<meta name=\"twitter:card\" content=\"summary_large_image\" \/>\n<meta name=\"twitter:label1\" content=\"Tiempo de lectura\" \/>\n\t<meta name=\"twitter:data1\" content=\"6 minutos\" \/>\n<script type=\"application\/ld+json\" class=\"yoast-schema-graph\">{\"@context\":\"https:\/\/schema.org\",\"@graph\":[{\"@type\":\"WebPage\",\"@id\":\"https:\/\/monoambiente.com.ar\/amanciowilliams\/trabajos-de-planeamiento-arquitectura-y-diseno\/\",\"url\":\"https:\/\/monoambiente.com.ar\/amanciowilliams\/trabajos-de-planeamiento-arquitectura-y-diseno\/\",\"name\":\"Trabajos de Planeamiento, Arquitectura y Dise\u00f1o - Amancio Williams\",\"isPartOf\":{\"@id\":\"https:\/\/monoambiente.com.ar\/amanciowilliams\/#website\"},\"datePublished\":\"2023-01-11T20:23:01+00:00\",\"dateModified\":\"2023-01-11T20:23:24+00:00\",\"inLanguage\":\"es\",\"potentialAction\":[{\"@type\":\"ReadAction\",\"target\":[\"https:\/\/monoambiente.com.ar\/amanciowilliams\/trabajos-de-planeamiento-arquitectura-y-diseno\/\"]}]},{\"@type\":\"WebSite\",\"@id\":\"https:\/\/monoambiente.com.ar\/amanciowilliams\/#website\",\"url\":\"https:\/\/monoambiente.com.ar\/amanciowilliams\/\",\"name\":\"Amancio Williams\",\"description\":\"Digitalizaci\u00f3n y puesta en valor del Archivo Williams\",\"potentialAction\":[{\"@type\":\"SearchAction\",\"target\":{\"@type\":\"EntryPoint\",\"urlTemplate\":\"https:\/\/monoambiente.com.ar\/amanciowilliams\/?s={search_term_string}\"},\"query-input\":{\"@type\":\"PropertyValueSpecification\",\"valueRequired\":true,\"valueName\":\"search_term_string\"}}],\"inLanguage\":\"es\"}]}<\/script>\n<!-- \/ Yoast SEO plugin. -->","yoast_head_json":{"title":"Trabajos de Planeamiento, Arquitectura y Dise\u00f1o - Amancio Williams","robots":{"index":"index","follow":"follow","max-snippet":"max-snippet:-1","max-image-preview":"max-image-preview:large","max-video-preview":"max-video-preview:-1"},"canonical":"https:\/\/monoambiente.com.ar\/amanciowilliams\/trabajos-de-planeamiento-arquitectura-y-diseno\/","og_locale":"es_ES","og_type":"article","og_title":"Trabajos de Planeamiento, Arquitectura y Dise\u00f1o - Amancio Williams","og_description":"1935 CHALET EN MAR DEL PLATA Comitente Alberto Williams Calle Bol\u00edvar entre Viamonte y Mendoza 1939 ESTRUCTURA DE TECHO ALTO 1941 CONCURSO DE ACUSTICA PREMIO ING. ALVAREZ DE TOLEDO 2\u00ba premio 1942 VIVIENDAS EN EL ESPACIO Colaboradores Arqs. Delfina G\u00e1lvez de Williams, Jorge Vivanco CASA EN BARILOCHE Comitente Jorge Black ESTUDIO PARA VIVIENDAS EN CASA [&hellip;]","og_url":"https:\/\/monoambiente.com.ar\/amanciowilliams\/trabajos-de-planeamiento-arquitectura-y-diseno\/","og_site_name":"Amancio Williams","article_modified_time":"2023-01-11T20:23:24+00:00","twitter_card":"summary_large_image","twitter_misc":{"Tiempo de lectura":"6 minutos"},"schema":{"@context":"https:\/\/schema.org","@graph":[{"@type":"WebPage","@id":"https:\/\/monoambiente.com.ar\/amanciowilliams\/trabajos-de-planeamiento-arquitectura-y-diseno\/","url":"https:\/\/monoambiente.com.ar\/amanciowilliams\/trabajos-de-planeamiento-arquitectura-y-diseno\/","name":"Trabajos de Planeamiento, Arquitectura y Dise\u00f1o - Amancio Williams","isPartOf":{"@id":"https:\/\/monoambiente.com.ar\/amanciowilliams\/#website"},"datePublished":"2023-01-11T20:23:01+00:00","dateModified":"2023-01-11T20:23:24+00:00","inLanguage":"es","potentialAction":[{"@type":"ReadAction","target":["https:\/\/monoambiente.com.ar\/amanciowilliams\/trabajos-de-planeamiento-arquitectura-y-diseno\/"]}]},{"@type":"WebSite","@id":"https:\/\/monoambiente.com.ar\/amanciowilliams\/#website","url":"https:\/\/monoambiente.com.ar\/amanciowilliams\/","name":"Amancio Williams","description":"Digitalizaci\u00f3n y puesta en valor del Archivo Williams","potentialAction":[{"@type":"SearchAction","target":{"@type":"EntryPoint","urlTemplate":"https:\/\/monoambiente.com.ar\/amanciowilliams\/?s={search_term_string}"},"query-input":{"@type":"PropertyValueSpecification","valueRequired":true,"valueName":"search_term_string"}}],"inLanguage":"es"}]}},"_links":{"self":[{"href":"https:\/\/monoambiente.com.ar\/amanciowilliams\/wp-json\/wp\/v2\/pages\/87","targetHints":{"allow":["GET"]}}],"collection":[{"href":"https:\/\/monoambiente.com.ar\/amanciowilliams\/wp-json\/wp\/v2\/pages"}],"about":[{"href":"https:\/\/monoambiente.com.ar\/amanciowilliams\/wp-json\/wp\/v2\/types\/page"}],"author":[{"embeddable":true,"href":"https:\/\/monoambiente.com.ar\/amanciowilliams\/wp-json\/wp\/v2\/users\/1"}],"replies":[{"embeddable":true,"href":"https:\/\/monoambiente.com.ar\/amanciowilliams\/wp-json\/wp\/v2\/comments?post=87"}],"version-history":[{"count":2,"href":"https:\/\/monoambiente.com.ar\/amanciowilliams\/wp-json\/wp\/v2\/pages\/87\/revisions"}],"predecessor-version":[{"id":89,"href":"https:\/\/monoambiente.com.ar\/amanciowilliams\/wp-json\/wp\/v2\/pages\/87\/revisions\/89"}],"wp:attachment":[{"href":"https:\/\/monoambiente.com.ar\/amanciowilliams\/wp-json\/wp\/v2\/media?parent=87"}],"curies":[{"name":"wp","href":"https:\/\/api.w.org\/{rel}","templated":true}]}}