{"id":85,"date":"2023-01-11T17:22:16","date_gmt":"2023-01-11T20:22:16","guid":{"rendered":"https:\/\/monoambiente.com.ar\/amanciowilliams\/?page_id=85"},"modified":"2023-01-11T17:22:16","modified_gmt":"2023-01-11T20:22:16","slug":"biografia","status":"publish","type":"page","link":"https:\/\/monoambiente.com.ar\/amanciowilliams\/biografia\/","title":{"rendered":"Biograf\u00eda"},"content":{"rendered":"<p>Amancio Williams naci\u00f3 el 19 de febrero de 1913 en la casa donde vivi\u00f3 casi la totalidad de su vida y en donde trabaj\u00f3 en un viejo pabell\u00f3n. Esta casa perteneci\u00f3 a su padre, el compositor Alberto Williams, y fue realizada por Alejandro Christophersen \u2013posiblemente su mejor obra de arquitectura- alrededor de 1910. En 1931 ingres\u00f3 en la Facultad de Ingenier\u00eda de la Universidad de Buenos Aires cursando tres a\u00f1os y desistiendo de sus estudios a causa de las dificultades provocadas por la conmoci\u00f3n universitaria de ese momento. Luego se dedic\u00f3 intensamente a la aviaci\u00f3n y en 1938 decidi\u00f3 seguir la carrera de Arquitectura en la facultad correspondiente a la Universidad de Buenos Aires de donde egres\u00f3 en 1941. A\u00fan estudiante Williams intuy\u00f3 el camino de investigaci\u00f3n y creaci\u00f3n que caracteriza a su obra como lo prueba el estudio realizado en 1939 para una Sala de Conciertos que es el germen y la base de su proyecto Sala para el Espect\u00e1culo Pl\u00e1stico y el Sonido en el Espacio realizado en 1942-43. All\u00ed aparece la preocupaci\u00f3n de aplicar los conocimientos cient\u00edficos a las realizaciones humanas, lo que equivale a establecer una buena relaci\u00f3n conocimiento-sociedad, conocimiento-vida. Puede decirse que \u00e9ste es el prop\u00f3sito esencial de su obra. Williams curs\u00f3 sus estudios durante la \u00faltima guerra mundial, \u00e9poca en que la Argentina estaba desconectada de los centros culturales del mundo. En aquel entonces se despert\u00f3 en \u00e9l una profunda conciencia de la responsabilidad ante el peligro en que se encontraba la humanidad ya al borde de su destrucci\u00f3n. Pens\u00f3 que lo sensato era realizar un gran esfuerzo y afrontar los grandes temas de la modernidad dentro del campo que \u00e9l conoc\u00eda: la arquitectura, el urbanismo, el planeamiento y el dise\u00f1o industrial. As\u00ed aparecen desde su taller una serie de estudios desarrollados con sentido social y que evidencian preocupaci\u00f3n por una vida humana digna. Desde 1941 en adelante, Amancio Williams se dedic\u00f3 totalmente a la obra de estudio, investigaci\u00f3n y creaci\u00f3n en materia de: pl\u00e1stica dise\u00f1o arquitectura urbanismo planeamiento y las t\u00e9cnicas correspondientes a estos campos de actividad Esta obra est\u00e1 informada por los siguientes principios y prop\u00f3sitos: trabajar con toda libertad en el espacio manejarse libremente en las tres dimensiones buscar en la t\u00e9cnica su expresi\u00f3n verdadera trabajar con sentido de unidad hacer obras de s\u00edntesis trabajar con sentido de lo permanente Terminada la guerra comenzaron a ser conocidos los trabajos de Williams en Europa y Estados Unidos. En 1947 Williams viaja a Europa para conocer a Le Corbusier. Desde ese momento se desarrolla una gran amistad entre ambos reflejada a trav\u00e9s de una larga correspondencia. Desde entonces libros y revistas europeas comienzan a publicar los trabajos de Williams como el aporte que llega desde Am\u00e9rica a la destruida Europa abriendo las puertas para un serio desarrollo de la sociedad humana.<\/p>\n<p>La caracter\u00edstica principal en la obra de Amancio Williams es probablemente el esfuerzo por encontrar una expresi\u00f3n aut\u00e9ntica de nuestra \u00e9poca, para obtener una buena relaci\u00f3n entre los extraordinarios descubrimientos cient\u00edficos y su correcta aplicaci\u00f3n a la sociedad humana. Toda su obra es una b\u00fasqueda y sus estudios son ejemplos ilustrativos de este tema. Ha realizado una intensa obra docente, desarrollada directamente en su taller que funcion\u00f3 como un verdadero instituto. Este \u00faltimo ha formado escuela. En \u00e9l, tanto estudiantes universitarios como graduados han tenido oportunidad de seguir cursos y practicar en trabajos de investigaci\u00f3n. Muchos de estos alumnos resultaron luego distinguidos profesores universitarios. En la mayor\u00eda de los casos fueron subvencionados para poder seguir esos cursos durante varios a\u00f1os. Los recursos financieros de que ha dispuesto este taller-instituto han provenido de recursos personales de Amancio Williams y de la comercializaci\u00f3n de los trabajos producidos. Es necesario dejar constancia de que este \u00faltimo nunca recibi\u00f3 la menor subvenci\u00f3n o contribuci\u00f3n para financiar sus estudios, investigaciones y creaciones, como tampoco ninguna ayuda del Estado ni de las universidades, o de la actividad privada. Amancio Williams no ejerci\u00f3 nunca una funci\u00f3n p\u00fablica, ni tuvo a su cargo ninguna c\u00e1tedra, aunque en muchas ocasiones dio su asesoramiento honorario a las entidades oficiales o privadas que se lo solicitaron dentro y fuera del pa\u00eds. Los trabajos de Amancio Williams han sido y son continuamente publicados por libros, diarios y revistas nacionales y extranjeras y son estudiados en casi todas las facultades de Arquitectura y Urbanismo del mundo.<\/p>\n<p>Texto redactado por Amancio Williams para su Curriculum Vitae, 1955.x<\/p>\n","protected":false},"excerpt":{"rendered":"<p>Amancio Williams naci\u00f3 el 19 de febrero de 1913 en la casa donde vivi\u00f3 casi la totalidad de su vida y en donde trabaj\u00f3 en un viejo pabell\u00f3n. Esta casa perteneci\u00f3 a su padre, el compositor Alberto Williams, y fue realizada por Alejandro Christophersen \u2013posiblemente su mejor obra de arquitectura- alrededor de 1910. En 1931 [&hellip;]<\/p>\n","protected":false},"author":1,"featured_media":0,"parent":0,"menu_order":0,"comment_status":"closed","ping_status":"closed","template":"","meta":{"footnotes":""},"class_list":["post-85","page","type-page","status-publish","hentry"],"acf":[],"yoast_head":"<!-- This site is optimized with the Yoast SEO plugin v26.9 - https:\/\/yoast.com\/product\/yoast-seo-wordpress\/ -->\n<title>Biograf\u00eda - Amancio Williams<\/title>\n<meta name=\"robots\" content=\"index, follow, max-snippet:-1, max-image-preview:large, max-video-preview:-1\" \/>\n<link rel=\"canonical\" href=\"https:\/\/monoambiente.com.ar\/amanciowilliams\/biografia\/\" \/>\n<meta property=\"og:locale\" content=\"es_ES\" \/>\n<meta property=\"og:type\" content=\"article\" \/>\n<meta property=\"og:title\" content=\"Biograf\u00eda - Amancio Williams\" \/>\n<meta property=\"og:description\" content=\"Amancio Williams naci\u00f3 el 19 de febrero de 1913 en la casa donde vivi\u00f3 casi la totalidad de su vida y en donde trabaj\u00f3 en un viejo pabell\u00f3n. Esta casa perteneci\u00f3 a su padre, el compositor Alberto Williams, y fue realizada por Alejandro Christophersen \u2013posiblemente su mejor obra de arquitectura- alrededor de 1910. En 1931 [&hellip;]\" \/>\n<meta property=\"og:url\" content=\"https:\/\/monoambiente.com.ar\/amanciowilliams\/biografia\/\" \/>\n<meta property=\"og:site_name\" content=\"Amancio Williams\" \/>\n<meta name=\"twitter:card\" content=\"summary_large_image\" \/>\n<meta name=\"twitter:label1\" content=\"Tiempo de lectura\" \/>\n\t<meta name=\"twitter:data1\" content=\"4 minutos\" \/>\n<script type=\"application\/ld+json\" class=\"yoast-schema-graph\">{\"@context\":\"https:\/\/schema.org\",\"@graph\":[{\"@type\":\"WebPage\",\"@id\":\"https:\/\/monoambiente.com.ar\/amanciowilliams\/biografia\/\",\"url\":\"https:\/\/monoambiente.com.ar\/amanciowilliams\/biografia\/\",\"name\":\"Biograf\u00eda - Amancio Williams\",\"isPartOf\":{\"@id\":\"https:\/\/monoambiente.com.ar\/amanciowilliams\/#website\"},\"datePublished\":\"2023-01-11T20:22:16+00:00\",\"inLanguage\":\"es\",\"potentialAction\":[{\"@type\":\"ReadAction\",\"target\":[\"https:\/\/monoambiente.com.ar\/amanciowilliams\/biografia\/\"]}]},{\"@type\":\"WebSite\",\"@id\":\"https:\/\/monoambiente.com.ar\/amanciowilliams\/#website\",\"url\":\"https:\/\/monoambiente.com.ar\/amanciowilliams\/\",\"name\":\"Amancio Williams\",\"description\":\"Digitalizaci\u00f3n y puesta en valor del Archivo Williams\",\"potentialAction\":[{\"@type\":\"SearchAction\",\"target\":{\"@type\":\"EntryPoint\",\"urlTemplate\":\"https:\/\/monoambiente.com.ar\/amanciowilliams\/?s={search_term_string}\"},\"query-input\":{\"@type\":\"PropertyValueSpecification\",\"valueRequired\":true,\"valueName\":\"search_term_string\"}}],\"inLanguage\":\"es\"}]}<\/script>\n<!-- \/ Yoast SEO plugin. -->","yoast_head_json":{"title":"Biograf\u00eda - Amancio Williams","robots":{"index":"index","follow":"follow","max-snippet":"max-snippet:-1","max-image-preview":"max-image-preview:large","max-video-preview":"max-video-preview:-1"},"canonical":"https:\/\/monoambiente.com.ar\/amanciowilliams\/biografia\/","og_locale":"es_ES","og_type":"article","og_title":"Biograf\u00eda - Amancio Williams","og_description":"Amancio Williams naci\u00f3 el 19 de febrero de 1913 en la casa donde vivi\u00f3 casi la totalidad de su vida y en donde trabaj\u00f3 en un viejo pabell\u00f3n. Esta casa perteneci\u00f3 a su padre, el compositor Alberto Williams, y fue realizada por Alejandro Christophersen \u2013posiblemente su mejor obra de arquitectura- alrededor de 1910. En 1931 [&hellip;]","og_url":"https:\/\/monoambiente.com.ar\/amanciowilliams\/biografia\/","og_site_name":"Amancio Williams","twitter_card":"summary_large_image","twitter_misc":{"Tiempo de lectura":"4 minutos"},"schema":{"@context":"https:\/\/schema.org","@graph":[{"@type":"WebPage","@id":"https:\/\/monoambiente.com.ar\/amanciowilliams\/biografia\/","url":"https:\/\/monoambiente.com.ar\/amanciowilliams\/biografia\/","name":"Biograf\u00eda - Amancio Williams","isPartOf":{"@id":"https:\/\/monoambiente.com.ar\/amanciowilliams\/#website"},"datePublished":"2023-01-11T20:22:16+00:00","inLanguage":"es","potentialAction":[{"@type":"ReadAction","target":["https:\/\/monoambiente.com.ar\/amanciowilliams\/biografia\/"]}]},{"@type":"WebSite","@id":"https:\/\/monoambiente.com.ar\/amanciowilliams\/#website","url":"https:\/\/monoambiente.com.ar\/amanciowilliams\/","name":"Amancio Williams","description":"Digitalizaci\u00f3n y puesta en valor del Archivo Williams","potentialAction":[{"@type":"SearchAction","target":{"@type":"EntryPoint","urlTemplate":"https:\/\/monoambiente.com.ar\/amanciowilliams\/?s={search_term_string}"},"query-input":{"@type":"PropertyValueSpecification","valueRequired":true,"valueName":"search_term_string"}}],"inLanguage":"es"}]}},"_links":{"self":[{"href":"https:\/\/monoambiente.com.ar\/amanciowilliams\/wp-json\/wp\/v2\/pages\/85","targetHints":{"allow":["GET"]}}],"collection":[{"href":"https:\/\/monoambiente.com.ar\/amanciowilliams\/wp-json\/wp\/v2\/pages"}],"about":[{"href":"https:\/\/monoambiente.com.ar\/amanciowilliams\/wp-json\/wp\/v2\/types\/page"}],"author":[{"embeddable":true,"href":"https:\/\/monoambiente.com.ar\/amanciowilliams\/wp-json\/wp\/v2\/users\/1"}],"replies":[{"embeddable":true,"href":"https:\/\/monoambiente.com.ar\/amanciowilliams\/wp-json\/wp\/v2\/comments?post=85"}],"version-history":[{"count":1,"href":"https:\/\/monoambiente.com.ar\/amanciowilliams\/wp-json\/wp\/v2\/pages\/85\/revisions"}],"predecessor-version":[{"id":86,"href":"https:\/\/monoambiente.com.ar\/amanciowilliams\/wp-json\/wp\/v2\/pages\/85\/revisions\/86"}],"wp:attachment":[{"href":"https:\/\/monoambiente.com.ar\/amanciowilliams\/wp-json\/wp\/v2\/media?parent=85"}],"curies":[{"name":"wp","href":"https:\/\/api.w.org\/{rel}","templated":true}]}}