{"id":116,"date":"2023-01-11T17:49:25","date_gmt":"2023-01-11T20:49:25","guid":{"rendered":"https:\/\/monoambiente.com.ar\/amanciowilliams\/?page_id=116"},"modified":"2025-04-25T14:59:57","modified_gmt":"2025-04-25T17:59:57","slug":"derechos","status":"publish","type":"page","link":"https:\/\/monoambiente.com.ar\/amanciowilliams\/derechos\/","title":{"rendered":"Derechos"},"content":{"rendered":"<p>Reservados todos los derechos.<br \/>\nNinguna parte de este sitio puede ser reproducida bajo ning\u00fan medio, electr\u00f3nico o mec\u00e1nico, sin autorizaci\u00f3n previa.<\/p>\n<p>Para obtener informaci\u00f3n sobre derechos de autor o permiso para reproducir material del fondo, por favor contacte al CCA (<a rel=\"noopener\" data-start=\"122\" data-end=\"145\">reproductions@cca.qc.ca<\/a>).<\/p>\n<p><strong>L\u00ednea de cr\u00e9dito<br \/>\n<\/strong>Copyright \u00a9 Textos, fotos y dibujos<br data-start=\"16\" data-end=\"19\" \/>Fondo Amancio Williams<br data-start=\"41\" data-end=\"44\" \/>Colecci\u00f3n del Centro Canadiense de Arquitectura \/<br data-start=\"93\" data-end=\"96\" \/>Canadian Centre for Architecture, Montreal;<br data-start=\"139\" data-end=\"142\" \/>Donaci\u00f3n de los hijos de Amancio Williams<\/p>\n","protected":false},"excerpt":{"rendered":"<p>Reservados todos los derechos. Ninguna parte de este sitio puede ser reproducida bajo ning\u00fan medio, electr\u00f3nico o mec\u00e1nico, sin autorizaci\u00f3n previa. Para obtener informaci\u00f3n sobre derechos de autor o permiso para reproducir material del fondo, por favor contacte al CCA (reproductions@cca.qc.ca). L\u00ednea de cr\u00e9dito Copyright \u00a9 Textos, fotos y dibujosFondo Amancio WilliamsColecci\u00f3n del Centro Canadiense [&hellip;]<\/p>\n","protected":false},"author":1,"featured_media":0,"parent":0,"menu_order":0,"comment_status":"closed","ping_status":"closed","template":"","meta":{"footnotes":""},"class_list":["post-116","page","type-page","status-publish","hentry"],"acf":[],"yoast_head":"<!-- This site is optimized with the Yoast SEO plugin v26.9 - https:\/\/yoast.com\/product\/yoast-seo-wordpress\/ -->\n<title>Derechos - Amancio Williams<\/title>\n<meta name=\"robots\" content=\"index, follow, max-snippet:-1, max-image-preview:large, max-video-preview:-1\" \/>\n<link rel=\"canonical\" href=\"https:\/\/monoambiente.com.ar\/amanciowilliams\/derechos\/\" \/>\n<meta property=\"og:locale\" content=\"es_ES\" \/>\n<meta property=\"og:type\" content=\"article\" \/>\n<meta property=\"og:title\" content=\"Derechos - Amancio Williams\" \/>\n<meta property=\"og:description\" content=\"Reservados todos los derechos. Ninguna parte de este sitio puede ser reproducida bajo ning\u00fan medio, electr\u00f3nico o mec\u00e1nico, sin autorizaci\u00f3n previa. Para obtener informaci\u00f3n sobre derechos de autor o permiso para reproducir material del fondo, por favor contacte al CCA (reproductions@cca.qc.ca). L\u00ednea de cr\u00e9dito Copyright \u00a9 Textos, fotos y dibujosFondo Amancio WilliamsColecci\u00f3n del Centro Canadiense [&hellip;]\" \/>\n<meta property=\"og:url\" content=\"https:\/\/monoambiente.com.ar\/amanciowilliams\/derechos\/\" \/>\n<meta property=\"og:site_name\" content=\"Amancio Williams\" \/>\n<meta property=\"article:modified_time\" content=\"2025-04-25T17:59:57+00:00\" \/>\n<meta name=\"twitter:card\" content=\"summary_large_image\" \/>\n<meta name=\"twitter:label1\" content=\"Tiempo de lectura\" \/>\n\t<meta name=\"twitter:data1\" content=\"1 minuto\" \/>\n<script type=\"application\/ld+json\" class=\"yoast-schema-graph\">{\"@context\":\"https:\/\/schema.org\",\"@graph\":[{\"@type\":\"WebPage\",\"@id\":\"https:\/\/monoambiente.com.ar\/amanciowilliams\/derechos\/\",\"url\":\"https:\/\/monoambiente.com.ar\/amanciowilliams\/derechos\/\",\"name\":\"Derechos - Amancio Williams\",\"isPartOf\":{\"@id\":\"https:\/\/monoambiente.com.ar\/amanciowilliams\/#website\"},\"datePublished\":\"2023-01-11T20:49:25+00:00\",\"dateModified\":\"2025-04-25T17:59:57+00:00\",\"inLanguage\":\"es\",\"potentialAction\":[{\"@type\":\"ReadAction\",\"target\":[\"https:\/\/monoambiente.com.ar\/amanciowilliams\/derechos\/\"]}]},{\"@type\":\"WebSite\",\"@id\":\"https:\/\/monoambiente.com.ar\/amanciowilliams\/#website\",\"url\":\"https:\/\/monoambiente.com.ar\/amanciowilliams\/\",\"name\":\"Amancio Williams\",\"description\":\"Digitalizaci\u00f3n y puesta en valor del Archivo Williams\",\"potentialAction\":[{\"@type\":\"SearchAction\",\"target\":{\"@type\":\"EntryPoint\",\"urlTemplate\":\"https:\/\/monoambiente.com.ar\/amanciowilliams\/?s={search_term_string}\"},\"query-input\":{\"@type\":\"PropertyValueSpecification\",\"valueRequired\":true,\"valueName\":\"search_term_string\"}}],\"inLanguage\":\"es\"}]}<\/script>\n<!-- \/ Yoast SEO plugin. -->","yoast_head_json":{"title":"Derechos - Amancio Williams","robots":{"index":"index","follow":"follow","max-snippet":"max-snippet:-1","max-image-preview":"max-image-preview:large","max-video-preview":"max-video-preview:-1"},"canonical":"https:\/\/monoambiente.com.ar\/amanciowilliams\/derechos\/","og_locale":"es_ES","og_type":"article","og_title":"Derechos - Amancio Williams","og_description":"Reservados todos los derechos. Ninguna parte de este sitio puede ser reproducida bajo ning\u00fan medio, electr\u00f3nico o mec\u00e1nico, sin autorizaci\u00f3n previa. Para obtener informaci\u00f3n sobre derechos de autor o permiso para reproducir material del fondo, por favor contacte al CCA (reproductions@cca.qc.ca). L\u00ednea de cr\u00e9dito Copyright \u00a9 Textos, fotos y dibujosFondo Amancio WilliamsColecci\u00f3n del Centro Canadiense [&hellip;]","og_url":"https:\/\/monoambiente.com.ar\/amanciowilliams\/derechos\/","og_site_name":"Amancio Williams","article_modified_time":"2025-04-25T17:59:57+00:00","twitter_card":"summary_large_image","twitter_misc":{"Tiempo de lectura":"1 minuto"},"schema":{"@context":"https:\/\/schema.org","@graph":[{"@type":"WebPage","@id":"https:\/\/monoambiente.com.ar\/amanciowilliams\/derechos\/","url":"https:\/\/monoambiente.com.ar\/amanciowilliams\/derechos\/","name":"Derechos - Amancio Williams","isPartOf":{"@id":"https:\/\/monoambiente.com.ar\/amanciowilliams\/#website"},"datePublished":"2023-01-11T20:49:25+00:00","dateModified":"2025-04-25T17:59:57+00:00","inLanguage":"es","potentialAction":[{"@type":"ReadAction","target":["https:\/\/monoambiente.com.ar\/amanciowilliams\/derechos\/"]}]},{"@type":"WebSite","@id":"https:\/\/monoambiente.com.ar\/amanciowilliams\/#website","url":"https:\/\/monoambiente.com.ar\/amanciowilliams\/","name":"Amancio Williams","description":"Digitalizaci\u00f3n y puesta en valor del Archivo Williams","potentialAction":[{"@type":"SearchAction","target":{"@type":"EntryPoint","urlTemplate":"https:\/\/monoambiente.com.ar\/amanciowilliams\/?s={search_term_string}"},"query-input":{"@type":"PropertyValueSpecification","valueRequired":true,"valueName":"search_term_string"}}],"inLanguage":"es"}]}},"_links":{"self":[{"href":"https:\/\/monoambiente.com.ar\/amanciowilliams\/wp-json\/wp\/v2\/pages\/116","targetHints":{"allow":["GET"]}}],"collection":[{"href":"https:\/\/monoambiente.com.ar\/amanciowilliams\/wp-json\/wp\/v2\/pages"}],"about":[{"href":"https:\/\/monoambiente.com.ar\/amanciowilliams\/wp-json\/wp\/v2\/types\/page"}],"author":[{"embeddable":true,"href":"https:\/\/monoambiente.com.ar\/amanciowilliams\/wp-json\/wp\/v2\/users\/1"}],"replies":[{"embeddable":true,"href":"https:\/\/monoambiente.com.ar\/amanciowilliams\/wp-json\/wp\/v2\/comments?post=116"}],"version-history":[{"count":3,"href":"https:\/\/monoambiente.com.ar\/amanciowilliams\/wp-json\/wp\/v2\/pages\/116\/revisions"}],"predecessor-version":[{"id":1691,"href":"https:\/\/monoambiente.com.ar\/amanciowilliams\/wp-json\/wp\/v2\/pages\/116\/revisions\/1691"}],"wp:attachment":[{"href":"https:\/\/monoambiente.com.ar\/amanciowilliams\/wp-json\/wp\/v2\/media?parent=116"}],"curies":[{"name":"wp","href":"https:\/\/api.w.org\/{rel}","templated":true}]}}