{"id":100,"date":"2023-01-11T17:25:40","date_gmt":"2023-01-11T20:25:40","guid":{"rendered":"https:\/\/monoambiente.com.ar\/amanciowilliams\/?page_id=100"},"modified":"2023-01-11T17:25:40","modified_gmt":"2023-01-11T20:25:40","slug":"reportajes","status":"publish","type":"page","link":"https:\/\/monoambiente.com.ar\/amanciowilliams\/reportajes\/","title":{"rendered":"Reportajes"},"content":{"rendered":"<p>1957<\/p>\n<hr \/>\n<p><a href=\"https:\/\/www.amanciowilliams.com\/nota-sobre-la-carta-de-atenas\" rel=\"alternate\">Nota sobre la Carta de Atenas<\/a>. Reportaje de Dalila Romero, Revista Tiempo Am\u00e9rica N\u00ba3<\/p>\n<p>&nbsp;<\/p>\n<p>1963<\/p>\n<hr \/>\n<p><a href=\"https:\/\/www.amanciowilliams.com\/el-poema-electronico-de-le-corbusier\" rel=\"alternate\">El Poema Electr\u00f3nico de Le Corbusier<\/a>, reportaje de Odile Baron Supervielle, L.R.A., Radio Nacional, Buenos Aires<\/p>\n<p>La inquietud espiritual del pa\u00eds al d\u00eda, Ministerio de Educaci\u00f3n y Justicia, reportaje de Michelle Marx<\/p>\n<p>&nbsp;<\/p>\n<p>1968<\/p>\n<hr \/>\n<p>Todos Nosotros, reportaje y exposici\u00f3n de trabajos, T.V. Canal 11<\/p>\n<p>&nbsp;<\/p>\n<p>1971<\/p>\n<hr \/>\n<p>Sala para el Espect\u00e1culo Pl\u00e1stico y el Sonido en el Espacio, reportaje de Juana Guinzbourg, L.R.A., Radio Nacional, Buenos Aires<\/p>\n<p>&nbsp;<\/p>\n<p>1976<\/p>\n<hr \/>\n<p><a href=\"https:\/\/www.amanciowilliams.com\/la-fuerza-de-un-pensamiento-creador\" rel=\"alternate\">La Fuerza de un pensamiento creador<\/a>. Reportaje de Claudio Adur y Estela Ocampo, Revista Crisis<\/p>\n<p>&nbsp;<\/p>\n<p>1977<\/p>\n<hr \/>\n<p>Propuestas, reportaje de Luis Garibotti en dos transmisiones, L.R.A., Radio Nacional<\/p>\n<p>&nbsp;<\/p>\n<p>1978<\/p>\n<hr \/>\n<p>La Ciudad que necesita la Humanidad, reportaje radial<\/p>\n","protected":false},"excerpt":{"rendered":"<p>1957 Nota sobre la Carta de Atenas. Reportaje de Dalila Romero, Revista Tiempo Am\u00e9rica N\u00ba3 &nbsp; 1963 El Poema Electr\u00f3nico de Le Corbusier, reportaje de Odile Baron Supervielle, L.R.A., Radio Nacional, Buenos Aires La inquietud espiritual del pa\u00eds al d\u00eda, Ministerio de Educaci\u00f3n y Justicia, reportaje de Michelle Marx &nbsp; 1968 Todos Nosotros, reportaje y [&hellip;]<\/p>\n","protected":false},"author":1,"featured_media":0,"parent":0,"menu_order":0,"comment_status":"closed","ping_status":"closed","template":"","meta":{"footnotes":""},"class_list":["post-100","page","type-page","status-publish","hentry"],"acf":[],"yoast_head":"<!-- This site is optimized with the Yoast SEO plugin v26.9 - https:\/\/yoast.com\/product\/yoast-seo-wordpress\/ -->\n<title>Reportajes - Amancio Williams<\/title>\n<meta name=\"robots\" content=\"index, follow, max-snippet:-1, max-image-preview:large, max-video-preview:-1\" \/>\n<link rel=\"canonical\" href=\"https:\/\/monoambiente.com.ar\/amanciowilliams\/reportajes\/\" \/>\n<meta property=\"og:locale\" content=\"es_ES\" \/>\n<meta property=\"og:type\" content=\"article\" \/>\n<meta property=\"og:title\" content=\"Reportajes - Amancio Williams\" \/>\n<meta property=\"og:description\" content=\"1957 Nota sobre la Carta de Atenas. Reportaje de Dalila Romero, Revista Tiempo Am\u00e9rica N\u00ba3 &nbsp; 1963 El Poema Electr\u00f3nico de Le Corbusier, reportaje de Odile Baron Supervielle, L.R.A., Radio Nacional, Buenos Aires La inquietud espiritual del pa\u00eds al d\u00eda, Ministerio de Educaci\u00f3n y Justicia, reportaje de Michelle Marx &nbsp; 1968 Todos Nosotros, reportaje y [&hellip;]\" \/>\n<meta property=\"og:url\" content=\"https:\/\/monoambiente.com.ar\/amanciowilliams\/reportajes\/\" \/>\n<meta property=\"og:site_name\" content=\"Amancio Williams\" \/>\n<meta name=\"twitter:card\" content=\"summary_large_image\" \/>\n<meta name=\"twitter:label1\" content=\"Tiempo de lectura\" \/>\n\t<meta name=\"twitter:data1\" content=\"1 minuto\" \/>\n<script type=\"application\/ld+json\" class=\"yoast-schema-graph\">{\"@context\":\"https:\/\/schema.org\",\"@graph\":[{\"@type\":\"WebPage\",\"@id\":\"https:\/\/monoambiente.com.ar\/amanciowilliams\/reportajes\/\",\"url\":\"https:\/\/monoambiente.com.ar\/amanciowilliams\/reportajes\/\",\"name\":\"Reportajes - Amancio Williams\",\"isPartOf\":{\"@id\":\"https:\/\/monoambiente.com.ar\/amanciowilliams\/#website\"},\"datePublished\":\"2023-01-11T20:25:40+00:00\",\"inLanguage\":\"es\",\"potentialAction\":[{\"@type\":\"ReadAction\",\"target\":[\"https:\/\/monoambiente.com.ar\/amanciowilliams\/reportajes\/\"]}]},{\"@type\":\"WebSite\",\"@id\":\"https:\/\/monoambiente.com.ar\/amanciowilliams\/#website\",\"url\":\"https:\/\/monoambiente.com.ar\/amanciowilliams\/\",\"name\":\"Amancio Williams\",\"description\":\"Digitalizaci\u00f3n y puesta en valor del Archivo Williams\",\"potentialAction\":[{\"@type\":\"SearchAction\",\"target\":{\"@type\":\"EntryPoint\",\"urlTemplate\":\"https:\/\/monoambiente.com.ar\/amanciowilliams\/?s={search_term_string}\"},\"query-input\":{\"@type\":\"PropertyValueSpecification\",\"valueRequired\":true,\"valueName\":\"search_term_string\"}}],\"inLanguage\":\"es\"}]}<\/script>\n<!-- \/ Yoast SEO plugin. -->","yoast_head_json":{"title":"Reportajes - Amancio Williams","robots":{"index":"index","follow":"follow","max-snippet":"max-snippet:-1","max-image-preview":"max-image-preview:large","max-video-preview":"max-video-preview:-1"},"canonical":"https:\/\/monoambiente.com.ar\/amanciowilliams\/reportajes\/","og_locale":"es_ES","og_type":"article","og_title":"Reportajes - Amancio Williams","og_description":"1957 Nota sobre la Carta de Atenas. Reportaje de Dalila Romero, Revista Tiempo Am\u00e9rica N\u00ba3 &nbsp; 1963 El Poema Electr\u00f3nico de Le Corbusier, reportaje de Odile Baron Supervielle, L.R.A., Radio Nacional, Buenos Aires La inquietud espiritual del pa\u00eds al d\u00eda, Ministerio de Educaci\u00f3n y Justicia, reportaje de Michelle Marx &nbsp; 1968 Todos Nosotros, reportaje y [&hellip;]","og_url":"https:\/\/monoambiente.com.ar\/amanciowilliams\/reportajes\/","og_site_name":"Amancio Williams","twitter_card":"summary_large_image","twitter_misc":{"Tiempo de lectura":"1 minuto"},"schema":{"@context":"https:\/\/schema.org","@graph":[{"@type":"WebPage","@id":"https:\/\/monoambiente.com.ar\/amanciowilliams\/reportajes\/","url":"https:\/\/monoambiente.com.ar\/amanciowilliams\/reportajes\/","name":"Reportajes - Amancio Williams","isPartOf":{"@id":"https:\/\/monoambiente.com.ar\/amanciowilliams\/#website"},"datePublished":"2023-01-11T20:25:40+00:00","inLanguage":"es","potentialAction":[{"@type":"ReadAction","target":["https:\/\/monoambiente.com.ar\/amanciowilliams\/reportajes\/"]}]},{"@type":"WebSite","@id":"https:\/\/monoambiente.com.ar\/amanciowilliams\/#website","url":"https:\/\/monoambiente.com.ar\/amanciowilliams\/","name":"Amancio Williams","description":"Digitalizaci\u00f3n y puesta en valor del Archivo Williams","potentialAction":[{"@type":"SearchAction","target":{"@type":"EntryPoint","urlTemplate":"https:\/\/monoambiente.com.ar\/amanciowilliams\/?s={search_term_string}"},"query-input":{"@type":"PropertyValueSpecification","valueRequired":true,"valueName":"search_term_string"}}],"inLanguage":"es"}]}},"_links":{"self":[{"href":"https:\/\/monoambiente.com.ar\/amanciowilliams\/wp-json\/wp\/v2\/pages\/100","targetHints":{"allow":["GET"]}}],"collection":[{"href":"https:\/\/monoambiente.com.ar\/amanciowilliams\/wp-json\/wp\/v2\/pages"}],"about":[{"href":"https:\/\/monoambiente.com.ar\/amanciowilliams\/wp-json\/wp\/v2\/types\/page"}],"author":[{"embeddable":true,"href":"https:\/\/monoambiente.com.ar\/amanciowilliams\/wp-json\/wp\/v2\/users\/1"}],"replies":[{"embeddable":true,"href":"https:\/\/monoambiente.com.ar\/amanciowilliams\/wp-json\/wp\/v2\/comments?post=100"}],"version-history":[{"count":1,"href":"https:\/\/monoambiente.com.ar\/amanciowilliams\/wp-json\/wp\/v2\/pages\/100\/revisions"}],"predecessor-version":[{"id":101,"href":"https:\/\/monoambiente.com.ar\/amanciowilliams\/wp-json\/wp\/v2\/pages\/100\/revisions\/101"}],"wp:attachment":[{"href":"https:\/\/monoambiente.com.ar\/amanciowilliams\/wp-json\/wp\/v2\/media?parent=100"}],"curies":[{"name":"wp","href":"https:\/\/api.w.org\/{rel}","templated":true}]}}